{"id":783,"date":"2025-09-03T16:36:41","date_gmt":"2025-09-03T19:36:41","guid":{"rendered":"https:\/\/aristatranslations.com\/?page_id=783"},"modified":"2025-09-15T18:25:06","modified_gmt":"2025-09-15T21:25:06","slug":"services","status":"publish","type":"page","link":"https:\/\/aristatranslations.com\/es\/services\/","title":{"rendered":"Servicios"},"content":{"rendered":"<div data-elementor-type=\"wp-page\" data-elementor-id=\"783\" class=\"elementor elementor-783\" data-elementor-post-type=\"page\">\n\t\t\t\t<div class=\"elementor-element elementor-element-38294fd e-con-full e-flex e-con e-parent\" data-id=\"38294fd\" data-element_type=\"container\" data-settings=\"{&quot;background_background&quot;:&quot;classic&quot;}\">\n\t\t<div class=\"elementor-element elementor-element-9095ac6 e-con-full e-flex e-con e-child\" data-id=\"9095ac6\" data-element_type=\"container\">\n\t\t\t\t<div class=\"elementor-element elementor-element-c0d40ef elementor-widget elementor-widget-heading\" data-id=\"c0d40ef\" data-element_type=\"widget\" data-widget_type=\"heading.default\">\n\t\t\t\t<div class=\"elementor-widget-container\">\n\t\t\t\t\t<h1 class=\"elementor-heading-title elementor-size-default\">SERVICIOS LING\u00dc\u00cdSTICOS <span style=\"color:#c27037\">|<\/span> CONEXIONES ESTRAT\u00c9GICAS<\/h1>\t\t\t\t<\/div>\n\t\t\t\t<\/div>\n\t\t\t\t<div class=\"elementor-element elementor-element-664a374 elementor-widget elementor-widget-heading\" data-id=\"664a374\" data-element_type=\"widget\" data-widget_type=\"heading.default\">\n\t\t\t\t<div class=\"elementor-widget-container\">\n\t\t\t\t\t<h2 class=\"elementor-heading-title elementor-size-default\">Impulsamos el <strong>crecimiento global<\/strong>, la <strong>contrataci\u00f3n confiable<\/strong> y la <strong>comunicaci\u00f3n segura<\/strong> para nuestros clientes, en Latinoam\u00e9rica y en todo el mundo.<\/h2>\t\t\t\t<\/div>\n\t\t\t\t<\/div>\n\t\t\t\t<div class=\"elementor-element elementor-element-9da271b elementor-invisible elementor-widget elementor-widget-button\" data-id=\"9da271b\" data-element_type=\"widget\" data-settings=\"{&quot;_animation&quot;:&quot;fadeInUp&quot;}\" data-widget_type=\"button.default\">\n\t\t\t\t<div class=\"elementor-widget-container\">\n\t\t\t\t\t\t\t\t\t<div class=\"elementor-button-wrapper\">\n\t\t\t\t\t<a class=\"elementor-button elementor-button-link elementor-size-sm\" href=\"#languageSolutions\">\n\t\t\t\t\t\t<span class=\"elementor-button-content-wrapper\">\n\t\t\t\t\t\t\t\t\t<span class=\"elementor-button-text\">Soluciones ling\u00fc\u00edsticas<\/span>\n\t\t\t\t\t<\/span>\n\t\t\t\t\t<\/a>\n\t\t\t\t<\/div>\n\t\t\t\t\t\t\t\t<\/div>\n\t\t\t\t<\/div>\n\t\t\t\t<\/div>\n\t\t\t\t<\/div>\n\t\t<div class=\"elementor-element elementor-element-f85135b e-flex e-con-boxed e-con e-parent\" data-id=\"f85135b\" data-element_type=\"container\" id=\"languageSolutions\">\n\t\t\t\t\t<div class=\"e-con-inner\">\n\t\t\t\t<div class=\"elementor-element elementor-element-2085a9e elementor-widget elementor-widget-heading\" data-id=\"2085a9e\" data-element_type=\"widget\" data-widget_type=\"heading.default\">\n\t\t\t\t<div class=\"elementor-widget-container\">\n\t\t\t\t\t<h3 class=\"elementor-heading-title elementor-size-default\">Soluciones ling\u00fc\u00edsticas<\/h3>\t\t\t\t<\/div>\n\t\t\t\t<\/div>\n\t\t\t\t<div class=\"elementor-element elementor-element-945826b elementor-widget elementor-widget-heading\" data-id=\"945826b\" data-element_type=\"widget\" data-widget_type=\"heading.default\">\n\t\t\t\t<div class=\"elementor-widget-container\">\n\t\t\t\t\t<h3 class=\"elementor-heading-title elementor-size-default\">Explore nuestros servicios a medida<\/h3>\t\t\t\t<\/div>\n\t\t\t\t<\/div>\n\t\t\t\t<div class=\"elementor-element elementor-element-154cc23 elementor-view-default elementor-invisible elementor-widget elementor-widget-icon\" data-id=\"154cc23\" data-element_type=\"widget\" data-settings=\"{&quot;_animation&quot;:&quot;bounce&quot;}\" data-widget_type=\"icon.default\">\n\t\t\t\t<div class=\"elementor-widget-container\">\n\t\t\t\t\t\t\t<div class=\"elementor-icon-wrapper\">\n\t\t\t<div class=\"elementor-icon\">\n\t\t\t<i aria-hidden=\"true\" class=\"arrow arrowflechaAbajo\"><\/i>\t\t\t<\/div>\n\t\t<\/div>\n\t\t\t\t\t\t<\/div>\n\t\t\t\t<\/div>\n\t\t\t\t\t<\/div>\n\t\t\t\t<\/div>\n\t\t<div class=\"elementor-element elementor-element-a70833e e-flex e-con-boxed e-con e-parent\" data-id=\"a70833e\" data-element_type=\"container\">\n\t\t\t\t\t<div class=\"e-con-inner\">\n\t\t<div class=\"elementor-element elementor-element-d4727b6 e-con-full e-flex e-con e-child\" data-id=\"d4727b6\" data-element_type=\"container\">\n\t\t\t\t<div class=\"elementor-element elementor-element-5f0f425 elementor-view-default elementor-widget elementor-widget-icon\" data-id=\"5f0f425\" data-element_type=\"widget\" data-widget_type=\"icon.default\">\n\t\t\t\t<div class=\"elementor-widget-container\">\n\t\t\t\t\t\t\t<div class=\"elementor-icon-wrapper\">\n\t\t\t<div class=\"elementor-icon\">\n\t\t\t<i aria-hidden=\"true\" class=\"icon icon-MultilingualTraining\"><\/i>\t\t\t<\/div>\n\t\t<\/div>\n\t\t\t\t\t\t<\/div>\n\t\t\t\t<\/div>\n\t\t\t\t<div class=\"elementor-element elementor-element-9e6bca2 elementor-widget elementor-widget-heading\" data-id=\"9e6bca2\" data-element_type=\"widget\" data-widget_type=\"heading.default\">\n\t\t\t\t<div class=\"elementor-widget-container\">\n\t\t\t\t\t<h2 class=\"elementor-heading-title elementor-size-default\">Programas de capacitaci\u00f3n multiling\u00fce<\/h2>\t\t\t\t<\/div>\n\t\t\t\t<\/div>\n\t\t\t\t<div class=\"elementor-element elementor-element-0368ad8 elementor-widget elementor-widget-heading\" data-id=\"0368ad8\" data-element_type=\"widget\" data-widget_type=\"heading.default\">\n\t\t\t\t<div class=\"elementor-widget-container\">\n\t\t\t\t\t<h6 class=\"elementor-heading-title elementor-size-default\"><a href=\"https:\/\/aristatranslations.com\/es\/multilingual-training-programs\/\">Leer M\u00e1s<\/a><\/h6>\t\t\t\t<\/div>\n\t\t\t\t<\/div>\n\t\t\t\t<\/div>\n\t\t<div class=\"elementor-element elementor-element-d319049 e-con-full e-flex e-con e-child\" data-id=\"d319049\" data-element_type=\"container\">\n\t\t\t\t<div class=\"elementor-element elementor-element-facbcc5 elementor-view-default elementor-widget elementor-widget-icon\" data-id=\"facbcc5\" data-element_type=\"widget\" data-widget_type=\"icon.default\">\n\t\t\t\t<div class=\"elementor-widget-container\">\n\t\t\t\t\t\t\t<div class=\"elementor-icon-wrapper\">\n\t\t\t<div class=\"elementor-icon\">\n\t\t\t<i aria-hidden=\"true\" class=\"icon icon-hiring\"><\/i>\t\t\t<\/div>\n\t\t<\/div>\n\t\t\t\t\t\t<\/div>\n\t\t\t\t<\/div>\n\t\t\t\t<div class=\"elementor-element elementor-element-4944c2c elementor-widget elementor-widget-heading\" data-id=\"4944c2c\" data-element_type=\"widget\" data-widget_type=\"heading.default\">\n\t\t\t\t<div class=\"elementor-widget-container\">\n\t\t\t\t\t<h2 class=\"elementor-heading-title elementor-size-default\">Revisi\u00f3n de documentos de RR. HH. y de contrataci\u00f3n<\/h2>\t\t\t\t<\/div>\n\t\t\t\t<\/div>\n\t\t\t\t<div class=\"elementor-element elementor-element-c47d4ce elementor-widget elementor-widget-heading\" data-id=\"c47d4ce\" data-element_type=\"widget\" data-widget_type=\"heading.default\">\n\t\t\t\t<div class=\"elementor-widget-container\">\n\t\t\t\t\t<h6 class=\"elementor-heading-title elementor-size-default\"><a href=\"https:\/\/aristatranslations.com\/es\/hiring-hr-document-review\/\">Leer M\u00e1s<\/a><\/h6>\t\t\t\t<\/div>\n\t\t\t\t<\/div>\n\t\t\t\t<\/div>\n\t\t<div class=\"elementor-element elementor-element-6b9a165 e-con-full e-flex e-con e-child\" data-id=\"6b9a165\" data-element_type=\"container\">\n\t\t\t\t<div class=\"elementor-element elementor-element-e1856a6 elementor-view-default elementor-widget elementor-widget-icon\" data-id=\"e1856a6\" data-element_type=\"widget\" data-widget_type=\"icon.default\">\n\t\t\t\t<div class=\"elementor-widget-container\">\n\t\t\t\t\t\t\t<div class=\"elementor-icon-wrapper\">\n\t\t\t<div class=\"elementor-icon\">\n\t\t\t<i aria-hidden=\"true\" class=\"icon icon-languajeConsulting\"><\/i>\t\t\t<\/div>\n\t\t<\/div>\n\t\t\t\t\t\t<\/div>\n\t\t\t\t<\/div>\n\t\t\t\t<div class=\"elementor-element elementor-element-ce44968 elementor-widget elementor-widget-heading\" data-id=\"ce44968\" data-element_type=\"widget\" data-widget_type=\"heading.default\">\n\t\t\t\t<div class=\"elementor-widget-container\">\n\t\t\t\t\t<h2 class=\"elementor-heading-title elementor-size-default\">Servicios de consultor\u00eda ling\u00fc\u00edstica<\/h2>\t\t\t\t<\/div>\n\t\t\t\t<\/div>\n\t\t\t\t<div class=\"elementor-element elementor-element-a6d13e3 elementor-widget elementor-widget-heading\" data-id=\"a6d13e3\" data-element_type=\"widget\" data-widget_type=\"heading.default\">\n\t\t\t\t<div class=\"elementor-widget-container\">\n\t\t\t\t\t<h6 class=\"elementor-heading-title elementor-size-default\"><a href=\"https:\/\/aristatranslations.com\/es\/language-consulting-services\/\">Leer M\u00e1s<\/a><\/h6>\t\t\t\t<\/div>\n\t\t\t\t<\/div>\n\t\t\t\t<\/div>\n\t\t\t\t\t<\/div>\n\t\t\t\t<\/div>\n\t\t<div class=\"elementor-element elementor-element-870e9ef e-flex e-con-boxed e-con e-parent\" data-id=\"870e9ef\" data-element_type=\"container\">\n\t\t\t\t\t<div class=\"e-con-inner\">\n\t\t<div class=\"elementor-element elementor-element-f0275f7 e-con-full e-flex e-con e-child\" data-id=\"f0275f7\" data-element_type=\"container\">\n\t\t\t\t<div class=\"elementor-element elementor-element-f57b778 elementor-view-default elementor-widget elementor-widget-icon\" data-id=\"f57b778\" data-element_type=\"widget\" data-widget_type=\"icon.default\">\n\t\t\t\t<div class=\"elementor-widget-container\">\n\t\t\t\t\t\t\t<div class=\"elementor-icon-wrapper\">\n\t\t\t<div class=\"elementor-icon\">\n\t\t\t<i aria-hidden=\"true\" class=\"icon icon-LanguageProficiencyAssessment\"><\/i>\t\t\t<\/div>\n\t\t<\/div>\n\t\t\t\t\t\t<\/div>\n\t\t\t\t<\/div>\n\t\t\t\t<div class=\"elementor-element elementor-element-c49acb8 elementor-widget elementor-widget-heading\" data-id=\"c49acb8\" data-element_type=\"widget\" data-widget_type=\"heading.default\">\n\t\t\t\t<div class=\"elementor-widget-container\">\n\t\t\t\t\t<h2 class=\"elementor-heading-title elementor-size-default\">Evaluaci\u00f3n de competencia ling\u00fc\u00edstica\u00a0<\/h2>\t\t\t\t<\/div>\n\t\t\t\t<\/div>\n\t\t\t\t<div class=\"elementor-element elementor-element-82f33d6 elementor-widget elementor-widget-heading\" data-id=\"82f33d6\" data-element_type=\"widget\" data-widget_type=\"heading.default\">\n\t\t\t\t<div class=\"elementor-widget-container\">\n\t\t\t\t\t<h6 class=\"elementor-heading-title elementor-size-default\"><a href=\"https:\/\/aristatranslations.com\/es\/language-proficiency-assessment\/\">Leer M\u00e1s<\/a><\/h6>\t\t\t\t<\/div>\n\t\t\t\t<\/div>\n\t\t\t\t<\/div>\n\t\t<div class=\"elementor-element elementor-element-bf7d9ec e-con-full e-flex e-con e-child\" data-id=\"bf7d9ec\" data-element_type=\"container\">\n\t\t\t\t<div class=\"elementor-element elementor-element-5f0d80c elementor-view-default elementor-widget elementor-widget-icon\" data-id=\"5f0d80c\" data-element_type=\"widget\" data-widget_type=\"icon.default\">\n\t\t\t\t<div class=\"elementor-widget-container\">\n\t\t\t\t\t\t\t<div class=\"elementor-icon-wrapper\">\n\t\t\t<div class=\"elementor-icon\">\n\t\t\t<i aria-hidden=\"true\" class=\"icon icon-CustomTestDesign\"><\/i>\t\t\t<\/div>\n\t\t<\/div>\n\t\t\t\t\t\t<\/div>\n\t\t\t\t<\/div>\n\t\t\t\t<div class=\"elementor-element elementor-element-b06668a elementor-widget elementor-widget-heading\" data-id=\"b06668a\" data-element_type=\"widget\" data-widget_type=\"heading.default\">\n\t\t\t\t<div class=\"elementor-widget-container\">\n\t\t\t\t\t<h2 class=\"elementor-heading-title elementor-size-default translation-block\">Dise\u00f1o de tests personalizados<\/h2>\t\t\t\t<\/div>\n\t\t\t\t<\/div>\n\t\t\t\t<div class=\"elementor-element elementor-element-4db6b54 elementor-widget elementor-widget-heading\" data-id=\"4db6b54\" data-element_type=\"widget\" data-widget_type=\"heading.default\">\n\t\t\t\t<div class=\"elementor-widget-container\">\n\t\t\t\t\t<h6 class=\"elementor-heading-title elementor-size-default\"><a href=\"https:\/\/aristatranslations.com\/es\/custom-test-design\/\">Leer M\u00e1s<\/a><\/h6>\t\t\t\t<\/div>\n\t\t\t\t<\/div>\n\t\t\t\t<\/div>\n\t\t<div class=\"elementor-element elementor-element-8cbfb4f e-con-full e-flex e-con e-child\" data-id=\"8cbfb4f\" data-element_type=\"container\">\n\t\t\t\t<div class=\"elementor-element elementor-element-6ba34ea elementor-view-default elementor-widget elementor-widget-icon\" data-id=\"6ba34ea\" data-element_type=\"widget\" data-widget_type=\"icon.default\">\n\t\t\t\t<div class=\"elementor-widget-container\">\n\t\t\t\t\t\t\t<div class=\"elementor-icon-wrapper\">\n\t\t\t<div class=\"elementor-icon\">\n\t\t\t<i aria-hidden=\"true\" class=\"icon icon-IntegratedLanguageSupport\"><\/i>\t\t\t<\/div>\n\t\t<\/div>\n\t\t\t\t\t\t<\/div>\n\t\t\t\t<\/div>\n\t\t\t\t<div class=\"elementor-element elementor-element-2e48a79 elementor-widget elementor-widget-heading\" data-id=\"2e48a79\" data-element_type=\"widget\" data-widget_type=\"heading.default\">\n\t\t\t\t<div class=\"elementor-widget-container\">\n\t\t\t\t\t<h2 class=\"elementor-heading-title elementor-size-default\">Soporte ling\u00fc\u00edstico integral<\/h2>\t\t\t\t<\/div>\n\t\t\t\t<\/div>\n\t\t\t\t<div class=\"elementor-element elementor-element-4d223a1 elementor-widget elementor-widget-heading\" data-id=\"4d223a1\" data-element_type=\"widget\" data-widget_type=\"heading.default\">\n\t\t\t\t<div class=\"elementor-widget-container\">\n\t\t\t\t\t<h6 class=\"elementor-heading-title elementor-size-default\"><a href=\"https:\/\/aristatranslations.com\/es\/integrated-language-support\/\">Leer M\u00e1s<\/a><\/h6>\t\t\t\t<\/div>\n\t\t\t\t<\/div>\n\t\t\t\t<\/div>\n\t\t\t\t\t<\/div>\n\t\t\t\t<\/div>\n\t\t\t\t<\/div>","protected":false},"excerpt":{"rendered":"<p>Strategic Language Services for International Expansion Enabling global growth, reliable hiring, and brand-safe communication\u2014across Latin America and worldwide. Language solutions LANGUAGE SOLUTIONS Explore Our Tailored Services Multilingual Training Programs Read More Hiring &amp; HR Document Review Read More Language Consulting Services Read More Language Proficiency Assessment\u00a0 Read More Custom TestDesign Read More Integrated Language Support [&hellip;]<\/p>","protected":false},"author":1,"featured_media":0,"parent":0,"menu_order":0,"comment_status":"closed","ping_status":"closed","template":"elementor_header_footer","meta":{"footnotes":""},"class_list":["post-783","page","type-page","status-publish","hentry"],"yoast_head":"<!-- This site is optimized with the Yoast SEO plugin v26.7 - https:\/\/yoast.com\/wordpress\/plugins\/seo\/ -->\n<title>Services - Arista<\/title>\n<meta name=\"description\" content=\"Explore our strategic language services, combining expertise, cultural insight, and tailored solutions for global communication.\" \/>\n<meta name=\"robots\" content=\"index, follow, max-snippet:-1, max-image-preview:large, max-video-preview:-1\" \/>\n<link rel=\"canonical\" href=\"https:\/\/aristatranslations.com\/es\/services\/\" \/>\n<meta property=\"og:locale\" content=\"es_ES\" \/>\n<meta property=\"og:type\" content=\"article\" \/>\n<meta property=\"og:title\" content=\"Strategic Language Services\" \/>\n<meta property=\"og:description\" content=\"Explore our strategic language services, combining expertise, cultural insight, and tailored solutions for global communication.\" \/>\n<meta property=\"og:url\" content=\"https:\/\/aristatranslations.com\/es\/services\/\" \/>\n<meta property=\"og:site_name\" content=\"Arista\" \/>\n<meta property=\"article:modified_time\" content=\"2025-09-15T21:25:06+00:00\" \/>\n<meta property=\"og:image\" content=\"http:\/\/aristatranslations.com\/wp-content\/uploads\/2025\/08\/LogoArista-1.webp\" \/>\n\t<meta property=\"og:image:width\" content=\"2117\" \/>\n\t<meta property=\"og:image:height\" content=\"2135\" \/>\n\t<meta property=\"og:image:type\" content=\"image\/webp\" \/>\n<meta name=\"twitter:card\" content=\"summary_large_image\" \/>\n<meta name=\"twitter:label1\" content=\"Tiempo de lectura\" \/>\n\t<meta name=\"twitter:data1\" content=\"1 minuto\" \/>\n<script type=\"application\/ld+json\" class=\"yoast-schema-graph\">{\"@context\":\"https:\/\/schema.org\",\"@graph\":[{\"@type\":\"WebPage\",\"@id\":\"https:\/\/aristatranslations.com\/services\/\",\"url\":\"https:\/\/aristatranslations.com\/services\/\",\"name\":\"Services - Arista\",\"isPartOf\":{\"@id\":\"https:\/\/aristatranslations.com\/#website\"},\"datePublished\":\"2025-09-03T19:36:41+00:00\",\"dateModified\":\"2025-09-15T21:25:06+00:00\",\"description\":\"Explore our strategic language services, combining expertise, cultural insight, and tailored solutions for global communication.\",\"breadcrumb\":{\"@id\":\"https:\/\/aristatranslations.com\/services\/#breadcrumb\"},\"inLanguage\":\"es\",\"potentialAction\":[{\"@type\":\"ReadAction\",\"target\":[\"https:\/\/aristatranslations.com\/services\/\"]}]},{\"@type\":\"BreadcrumbList\",\"@id\":\"https:\/\/aristatranslations.com\/services\/#breadcrumb\",\"itemListElement\":[{\"@type\":\"ListItem\",\"position\":1,\"name\":\"Inicio\",\"item\":\"https:\/\/aristatranslations.com\/\"},{\"@type\":\"ListItem\",\"position\":2,\"name\":\"Services\"}]},{\"@type\":\"WebSite\",\"@id\":\"https:\/\/aristatranslations.com\/#website\",\"url\":\"https:\/\/aristatranslations.com\/\",\"name\":\"Arista\",\"description\":\"Translations &amp; Language Solutions\",\"publisher\":{\"@id\":\"https:\/\/aristatranslations.com\/#organization\"},\"potentialAction\":[{\"@type\":\"SearchAction\",\"target\":{\"@type\":\"EntryPoint\",\"urlTemplate\":\"https:\/\/aristatranslations.com\/?s={search_term_string}\"},\"query-input\":{\"@type\":\"PropertyValueSpecification\",\"valueRequired\":true,\"valueName\":\"search_term_string\"}}],\"inLanguage\":\"es\"},{\"@type\":\"Organization\",\"@id\":\"https:\/\/aristatranslations.com\/#organization\",\"name\":\"Arista Translations & Language Solutions\",\"url\":\"https:\/\/aristatranslations.com\/\",\"logo\":{\"@type\":\"ImageObject\",\"inLanguage\":\"es\",\"@id\":\"https:\/\/aristatranslations.com\/#\/schema\/logo\/image\/\",\"url\":\"https:\/\/aristatranslations.com\/wp-content\/uploads\/2025\/08\/cropped-LogoArista-1.webp\",\"contentUrl\":\"https:\/\/aristatranslations.com\/wp-content\/uploads\/2025\/08\/cropped-LogoArista-1.webp\",\"width\":2116,\"height\":2135,\"caption\":\"Arista Translations & Language Solutions\"},\"image\":{\"@id\":\"https:\/\/aristatranslations.com\/#\/schema\/logo\/image\/\"},\"sameAs\":[\"https:\/\/www.instagram.com\/aristatranslations\/\",\"https:\/\/www.linkedin.com\/company\/arista-translations-language-solutions\/\"]}]}<\/script>\n<!-- \/ Yoast SEO plugin. -->","yoast_head_json":{"title":"Services - Arista","description":"Explore our strategic language services, combining expertise, cultural insight, and tailored solutions for global communication.","robots":{"index":"index","follow":"follow","max-snippet":"max-snippet:-1","max-image-preview":"max-image-preview:large","max-video-preview":"max-video-preview:-1"},"canonical":"https:\/\/aristatranslations.com\/es\/services\/","og_locale":"es_ES","og_type":"article","og_title":"Strategic Language Services","og_description":"Explore our strategic language services, combining expertise, cultural insight, and tailored solutions for global communication.","og_url":"https:\/\/aristatranslations.com\/es\/services\/","og_site_name":"Arista","article_modified_time":"2025-09-15T21:25:06+00:00","og_image":[{"width":2117,"height":2135,"url":"http:\/\/aristatranslations.com\/wp-content\/uploads\/2025\/08\/LogoArista-1.webp","type":"image\/webp"}],"twitter_card":"summary_large_image","twitter_misc":{"Tiempo de lectura":"1 minuto"},"schema":{"@context":"https:\/\/schema.org","@graph":[{"@type":"WebPage","@id":"https:\/\/aristatranslations.com\/services\/","url":"https:\/\/aristatranslations.com\/services\/","name":"Services - Arista","isPartOf":{"@id":"https:\/\/aristatranslations.com\/#website"},"datePublished":"2025-09-03T19:36:41+00:00","dateModified":"2025-09-15T21:25:06+00:00","description":"Explore our strategic language services, combining expertise, cultural insight, and tailored solutions for global communication.","breadcrumb":{"@id":"https:\/\/aristatranslations.com\/services\/#breadcrumb"},"inLanguage":"es","potentialAction":[{"@type":"ReadAction","target":["https:\/\/aristatranslations.com\/services\/"]}]},{"@type":"BreadcrumbList","@id":"https:\/\/aristatranslations.com\/services\/#breadcrumb","itemListElement":[{"@type":"ListItem","position":1,"name":"Inicio","item":"https:\/\/aristatranslations.com\/"},{"@type":"ListItem","position":2,"name":"Services"}]},{"@type":"WebSite","@id":"https:\/\/aristatranslations.com\/#website","url":"https:\/\/aristatranslations.com\/","name":"Arista?","description":"Translations &amp; Language Solutions","publisher":{"@id":"https:\/\/aristatranslations.com\/#organization"},"potentialAction":[{"@type":"SearchAction","target":{"@type":"EntryPoint","urlTemplate":"https:\/\/aristatranslations.com\/?s={search_term_string}"},"query-input":{"@type":"PropertyValueSpecification","valueRequired":true,"valueName":"search_term_string"}}],"inLanguage":"es"},{"@type":"Organization","@id":"https:\/\/aristatranslations.com\/#organization","name":"Arista Translations & Language Solutions","url":"https:\/\/aristatranslations.com\/","logo":{"@type":"ImageObject","inLanguage":"es","@id":"https:\/\/aristatranslations.com\/#\/schema\/logo\/image\/","url":"https:\/\/aristatranslations.com\/wp-content\/uploads\/2025\/08\/cropped-LogoArista-1.webp","contentUrl":"https:\/\/aristatranslations.com\/wp-content\/uploads\/2025\/08\/cropped-LogoArista-1.webp","width":2116,"height":2135,"caption":"Arista Translations & Language Solutions"},"image":{"@id":"https:\/\/aristatranslations.com\/#\/schema\/logo\/image\/"},"sameAs":["https:\/\/www.instagram.com\/aristatranslations\/","https:\/\/www.linkedin.com\/company\/arista-translations-language-solutions\/"]}]}},"_links":{"self":[{"href":"https:\/\/aristatranslations.com\/es\/wp-json\/wp\/v2\/pages\/783","targetHints":{"allow":["GET"]}}],"collection":[{"href":"https:\/\/aristatranslations.com\/es\/wp-json\/wp\/v2\/pages"}],"about":[{"href":"https:\/\/aristatranslations.com\/es\/wp-json\/wp\/v2\/types\/page"}],"author":[{"embeddable":true,"href":"https:\/\/aristatranslations.com\/es\/wp-json\/wp\/v2\/users\/1"}],"replies":[{"embeddable":true,"href":"https:\/\/aristatranslations.com\/es\/wp-json\/wp\/v2\/comments?post=783"}],"version-history":[{"count":37,"href":"https:\/\/aristatranslations.com\/es\/wp-json\/wp\/v2\/pages\/783\/revisions"}],"predecessor-version":[{"id":1783,"href":"https:\/\/aristatranslations.com\/es\/wp-json\/wp\/v2\/pages\/783\/revisions\/1783"}],"wp:attachment":[{"href":"https:\/\/aristatranslations.com\/es\/wp-json\/wp\/v2\/media?parent=783"}],"curies":[{"name":"wp","href":"https:\/\/api.w.org\/{rel}","templated":true}]}}