{"id":1724,"date":"2025-09-09T10:15:38","date_gmt":"2025-09-09T13:15:38","guid":{"rendered":"https:\/\/aristatranslations.com\/?page_id=1724"},"modified":"2025-09-09T12:22:03","modified_gmt":"2025-09-09T15:22:03","slug":"privacypolicy","status":"publish","type":"page","link":"https:\/\/aristatranslations.com\/es\/privacypolicy\/","title":{"rendered":"Privacy Policy"},"content":{"rendered":"<div data-elementor-type=\"wp-page\" data-elementor-id=\"1724\" class=\"elementor elementor-1724\" data-elementor-post-type=\"page\">\n\t\t\t\t<div class=\"elementor-element elementor-element-7a35860 e-con-full e-flex e-con e-parent\" data-id=\"7a35860\" data-element_type=\"container\" data-settings=\"{&quot;background_background&quot;:&quot;classic&quot;}\">\n\t\t<div class=\"elementor-element elementor-element-fe9a7a4 e-con-full e-flex e-con e-child\" data-id=\"fe9a7a4\" data-element_type=\"container\">\n\t\t\t\t<div class=\"elementor-element elementor-element-ddf2ba4 elementor-widget elementor-widget-heading\" data-id=\"ddf2ba4\" data-element_type=\"widget\" data-widget_type=\"heading.default\">\n\t\t\t\t<div class=\"elementor-widget-container\">\n\t\t\t\t\t<div class=\"elementor-heading-title elementor-size-default translation-block\">Pol\u00edtica de <span style=\"color:#c27037\">Privacidad<\/span><\/div>\t\t\t\t<\/div>\n\t\t\t\t<\/div>\n\t\t\t\t<div class=\"elementor-element elementor-element-8cc84b9 elementor-widget elementor-widget-heading\" data-id=\"8cc84b9\" data-element_type=\"widget\" data-widget_type=\"heading.default\">\n\t\t\t\t<div class=\"elementor-widget-container\">\n\t\t\t\t\t<p class=\"elementor-heading-title elementor-size-default translation-block\">En <strong>Arista<\/strong> estamos comprometidos con la confidencialidad y la protecci\u00f3n de la informaci\u00f3n personal que recibimos en el marco de nuestros servicios de traducci\u00f3n y consultor\u00eda ling\u00fc\u00edstica.<\/p>\t\t\t\t<\/div>\n\t\t\t\t<\/div>\n\t\t\t\t<div class=\"elementor-element elementor-element-93e1b73 animated-slow elementor-widget elementor-widget-heading\" data-id=\"93e1b73\" data-element_type=\"widget\" data-settings=\"{&quot;_animation&quot;:&quot;none&quot;}\" data-widget_type=\"heading.default\">\n\t\t\t\t<div class=\"elementor-widget-container\">\n\t\t\t\t\t<p class=\"elementor-heading-title elementor-size-default\">Nuestra pol\u00edtica se basa en principios internacionales de protecci\u00f3n de datos:<\/p>\t\t\t\t<\/div>\n\t\t\t\t<\/div>\n\t\t<div class=\"elementor-element elementor-element-7c2ea77 e-con-full e-flex e-con e-child\" data-id=\"7c2ea77\" data-element_type=\"container\">\n\t\t\t\t<div class=\"elementor-element elementor-element-080ffac elementor-view-stacked elementor-position-inline-start elementor-mobile-position-inline-start elementor-shape-circle elementor-widget elementor-widget-icon-box\" data-id=\"080ffac\" data-element_type=\"widget\" data-widget_type=\"icon-box.default\">\n\t\t\t\t<div class=\"elementor-widget-container\">\n\t\t\t\t\t\t\t<div class=\"elementor-icon-box-wrapper\">\n\n\t\t\t\t\t\t<div class=\"elementor-icon-box-icon\">\n\t\t\t\t<span  class=\"elementor-icon\">\n\t\t\t\t<svg aria-hidden=\"true\" class=\"e-font-icon-svg e-fas-lock\" viewbox=\"0 0 448 512\" xmlns=\"http:\/\/www.w3.org\/2000\/svg\"><path d=\"M400 224h-24v-72C376 68.2 307.8 0 224 0S72 68.2 72 152v72H48c-26.5 0-48 21.5-48 48v192c0 26.5 21.5 48 48 48h352c26.5 0 48-21.5 48-48V272c0-26.5-21.5-48-48-48zm-104 0H152v-72c0-39.7 32.3-72 72-72s72 32.3 72 72v72z\"><\/path><\/svg>\t\t\t\t<\/span>\n\t\t\t<\/div>\n\t\t\t\n\t\t\t\t\t\t<div class=\"elementor-icon-box-content\">\n\n\t\t\t\t\t\t\t\t\t<h3 class=\"elementor-icon-box-title\">\n\t\t\t\t\t\t<span  >\n\t\t\t\t\t\t\tAviso:\t\t\t\t\t\t<\/span>\n\t\t\t\t\t<\/h3>\n\t\t\t\t\n\t\t\t\t\t\t\t\t\t<p class=\"elementor-icon-box-description\">\n\t\t\t\t\t\tInformamos sobre la recopilaci\u00f3n y el uso de datos personales.\n\t\t\t\t\t<\/p>\n\t\t\t\t\n\t\t\t<\/div>\n\t\t\t\n\t\t<\/div>\n\t\t\t\t\t\t<\/div>\n\t\t\t\t<\/div>\n\t\t\t\t<div class=\"elementor-element elementor-element-f6ec859 elementor-view-stacked elementor-position-inline-start elementor-mobile-position-inline-start elementor-shape-circle elementor-widget elementor-widget-icon-box\" data-id=\"f6ec859\" data-element_type=\"widget\" data-widget_type=\"icon-box.default\">\n\t\t\t\t<div class=\"elementor-widget-container\">\n\t\t\t\t\t\t\t<div class=\"elementor-icon-box-wrapper\">\n\n\t\t\t\t\t\t<div class=\"elementor-icon-box-icon\">\n\t\t\t\t<span  class=\"elementor-icon\">\n\t\t\t\t<svg aria-hidden=\"true\" class=\"e-font-icon-svg e-fas-lock\" viewbox=\"0 0 448 512\" xmlns=\"http:\/\/www.w3.org\/2000\/svg\"><path d=\"M400 224h-24v-72C376 68.2 307.8 0 224 0S72 68.2 72 152v72H48c-26.5 0-48 21.5-48 48v192c0 26.5 21.5 48 48 48h352c26.5 0 48-21.5 48-48V272c0-26.5-21.5-48-48-48zm-104 0H152v-72c0-39.7 32.3-72 72-72s72 32.3 72 72v72z\"><\/path><\/svg>\t\t\t\t<\/span>\n\t\t\t<\/div>\n\t\t\t\n\t\t\t\t\t\t<div class=\"elementor-icon-box-content\">\n\n\t\t\t\t\t\t\t\t\t<h3 class=\"elementor-icon-box-title\">\n\t\t\t\t\t\t<span  >\n\t\t\t\t\t\t\tElecci\u00f3n:\t\t\t\t\t\t<\/span>\n\t\t\t\t\t<\/h3>\n\t\t\t\t\n\t\t\t\t\t\t\t\t\t<p class=\"elementor-icon-box-description\">\n\t\t\t\t\t\tLas personas pueden optar por no proporcionar datos al utilizar m\u00e9todos de contacto directo.\t\t\t\t\t<\/p>\n\t\t\t\t\n\t\t\t<\/div>\n\t\t\t\n\t\t<\/div>\n\t\t\t\t\t\t<\/div>\n\t\t\t\t<\/div>\n\t\t\t\t<div class=\"elementor-element elementor-element-22d7cad elementor-view-stacked elementor-position-inline-start elementor-mobile-position-inline-start elementor-shape-circle elementor-widget elementor-widget-icon-box\" data-id=\"22d7cad\" data-element_type=\"widget\" data-widget_type=\"icon-box.default\">\n\t\t\t\t<div class=\"elementor-widget-container\">\n\t\t\t\t\t\t\t<div class=\"elementor-icon-box-wrapper\">\n\n\t\t\t\t\t\t<div class=\"elementor-icon-box-icon\">\n\t\t\t\t<span  class=\"elementor-icon\">\n\t\t\t\t<svg aria-hidden=\"true\" class=\"e-font-icon-svg e-fas-lock\" viewbox=\"0 0 448 512\" xmlns=\"http:\/\/www.w3.org\/2000\/svg\"><path d=\"M400 224h-24v-72C376 68.2 307.8 0 224 0S72 68.2 72 152v72H48c-26.5 0-48 21.5-48 48v192c0 26.5 21.5 48 48 48h352c26.5 0 48-21.5 48-48V272c0-26.5-21.5-48-48-48zm-104 0H152v-72c0-39.7 32.3-72 72-72s72 32.3 72 72v72z\"><\/path><\/svg>\t\t\t\t<\/span>\n\t\t\t<\/div>\n\t\t\t\n\t\t\t\t\t\t<div class=\"elementor-icon-box-content\">\n\n\t\t\t\t\t\t\t\t\t<h3 class=\"elementor-icon-box-title\">\n\t\t\t\t\t\t<span  >\n\t\t\t\t\t\t\tTransferencia a terceros:\t\t\t\t\t\t<\/span>\n\t\t\t\t\t<\/h3>\n\t\t\t\t\n\t\t\t\t\t\t\t\t\t<p class=\"elementor-icon-box-description\">\n\t\t\t\t\t\tSolo se realiza con consentimiento expreso y a organizaciones que cumplan est\u00e1ndares adecuados de protecci\u00f3n.\t\t\t\t\t<\/p>\n\t\t\t\t\n\t\t\t<\/div>\n\t\t\t\n\t\t<\/div>\n\t\t\t\t\t\t<\/div>\n\t\t\t\t<\/div>\n\t\t\t\t<div class=\"elementor-element elementor-element-729f1a3 elementor-view-stacked elementor-position-inline-start elementor-mobile-position-inline-start elementor-shape-circle elementor-widget elementor-widget-icon-box\" data-id=\"729f1a3\" data-element_type=\"widget\" data-widget_type=\"icon-box.default\">\n\t\t\t\t<div class=\"elementor-widget-container\">\n\t\t\t\t\t\t\t<div class=\"elementor-icon-box-wrapper\">\n\n\t\t\t\t\t\t<div class=\"elementor-icon-box-icon\">\n\t\t\t\t<span  class=\"elementor-icon\">\n\t\t\t\t<svg aria-hidden=\"true\" class=\"e-font-icon-svg e-fas-lock\" viewbox=\"0 0 448 512\" xmlns=\"http:\/\/www.w3.org\/2000\/svg\"><path d=\"M400 224h-24v-72C376 68.2 307.8 0 224 0S72 68.2 72 152v72H48c-26.5 0-48 21.5-48 48v192c0 26.5 21.5 48 48 48h352c26.5 0 48-21.5 48-48V272c0-26.5-21.5-48-48-48zm-104 0H152v-72c0-39.7 32.3-72 72-72s72 32.3 72 72v72z\"><\/path><\/svg>\t\t\t\t<\/span>\n\t\t\t<\/div>\n\t\t\t\n\t\t\t\t\t\t<div class=\"elementor-icon-box-content\">\n\n\t\t\t\t\t\t\t\t\t<h3 class=\"elementor-icon-box-title\">\n\t\t\t\t\t\t<span  >\n\t\t\t\t\t\t\tSeguridad:\t\t\t\t\t\t<\/span>\n\t\t\t\t\t<\/h3>\n\t\t\t\t\n\t\t\t\t\t\t\t\t\t<p class=\"elementor-icon-box-description\">\n\t\t\t\t\t\tImplementamos medidas para evitar accesos no autorizados, p\u00e9rdida o alteraci\u00f3n de la informaci\u00f3n.\t\t\t\t\t<\/p>\n\t\t\t\t\n\t\t\t<\/div>\n\t\t\t\n\t\t<\/div>\n\t\t\t\t\t\t<\/div>\n\t\t\t\t<\/div>\n\t\t\t\t<div class=\"elementor-element elementor-element-0dfdcc4 elementor-view-stacked elementor-position-inline-start elementor-mobile-position-inline-start elementor-shape-circle elementor-widget elementor-widget-icon-box\" data-id=\"0dfdcc4\" data-element_type=\"widget\" data-widget_type=\"icon-box.default\">\n\t\t\t\t<div class=\"elementor-widget-container\">\n\t\t\t\t\t\t\t<div class=\"elementor-icon-box-wrapper\">\n\n\t\t\t\t\t\t<div class=\"elementor-icon-box-icon\">\n\t\t\t\t<span  class=\"elementor-icon\">\n\t\t\t\t<svg aria-hidden=\"true\" class=\"e-font-icon-svg e-fas-lock\" viewbox=\"0 0 448 512\" xmlns=\"http:\/\/www.w3.org\/2000\/svg\"><path d=\"M400 224h-24v-72C376 68.2 307.8 0 224 0S72 68.2 72 152v72H48c-26.5 0-48 21.5-48 48v192c0 26.5 21.5 48 48 48h352c26.5 0 48-21.5 48-48V272c0-26.5-21.5-48-48-48zm-104 0H152v-72c0-39.7 32.3-72 72-72s72 32.3 72 72v72z\"><\/path><\/svg>\t\t\t\t<\/span>\n\t\t\t<\/div>\n\t\t\t\n\t\t\t\t\t\t<div class=\"elementor-icon-box-content\">\n\n\t\t\t\t\t\t\t\t\t<h3 class=\"elementor-icon-box-title\">\n\t\t\t\t\t\t<span  >\n\t\t\t\t\t\t\tIntegridad:\t\t\t\t\t\t<\/span>\n\t\t\t\t\t<\/h3>\n\t\t\t\t\n\t\t\t\t\t\t\t\t\t<p class=\"elementor-icon-box-description\">\n\t\t\t\t\t\tProcuramos que los datos sean precisos y pertinentes para los fines para los que fueron recopilados.\t\t\t\t\t<\/p>\n\t\t\t\t\n\t\t\t<\/div>\n\t\t\t\n\t\t<\/div>\n\t\t\t\t\t\t<\/div>\n\t\t\t\t<\/div>\n\t\t\t\t<div class=\"elementor-element elementor-element-3285585 elementor-view-stacked elementor-position-inline-start elementor-mobile-position-inline-start elementor-shape-circle elementor-widget elementor-widget-icon-box\" data-id=\"3285585\" data-element_type=\"widget\" data-widget_type=\"icon-box.default\">\n\t\t\t\t<div class=\"elementor-widget-container\">\n\t\t\t\t\t\t\t<div class=\"elementor-icon-box-wrapper\">\n\n\t\t\t\t\t\t<div class=\"elementor-icon-box-icon\">\n\t\t\t\t<span  class=\"elementor-icon\">\n\t\t\t\t<svg aria-hidden=\"true\" class=\"e-font-icon-svg e-fas-lock\" viewbox=\"0 0 448 512\" xmlns=\"http:\/\/www.w3.org\/2000\/svg\"><path d=\"M400 224h-24v-72C376 68.2 307.8 0 224 0S72 68.2 72 152v72H48c-26.5 0-48 21.5-48 48v192c0 26.5 21.5 48 48 48h352c26.5 0 48-21.5 48-48V272c0-26.5-21.5-48-48-48zm-104 0H152v-72c0-39.7 32.3-72 72-72s72 32.3 72 72v72z\"><\/path><\/svg>\t\t\t\t<\/span>\n\t\t\t<\/div>\n\t\t\t\n\t\t\t\t\t\t<div class=\"elementor-icon-box-content\">\n\n\t\t\t\t\t\t\t\t\t<h3 class=\"elementor-icon-box-title\">\n\t\t\t\t\t\t<span  >\n\t\t\t\t\t\t\tAcceso:\t\t\t\t\t\t<\/span>\n\t\t\t\t\t<\/h3>\n\t\t\t\t\n\t\t\t\t\t\t\t\t\t<p class=\"elementor-icon-box-description\">\n\t\t\t\t\t\tLos usuarios pueden solicitar acceso, modificaci\u00f3n o eliminaci\u00f3n de sus datos personales en cualquier momento.\t\t\t\t\t<\/p>\n\t\t\t\t\n\t\t\t<\/div>\n\t\t\t\n\t\t<\/div>\n\t\t\t\t\t\t<\/div>\n\t\t\t\t<\/div>\n\t\t\t\t<\/div>\n\t\t\t\t<div class=\"elementor-element elementor-element-44faca0 elementor-widget elementor-widget-heading\" data-id=\"44faca0\" data-element_type=\"widget\" data-widget_type=\"heading.default\">\n\t\t\t\t<div class=\"elementor-widget-container\">\n\t\t\t\t\t<p class=\"elementor-heading-title elementor-size-default translation-block\">Si encuentra alguna dificultad, escr\u00edbanos a <a class=\"policy\" href=\"mailto:info@aristatranslations.com\" target=\"_blank\" rel=\"noopener noreferrer\">info@aristatranslations.com<\/a><\/p>\t\t\t\t<\/div>\n\t\t\t\t<\/div>\n\t\t\t\t<div class=\"elementor-element elementor-element-03fd20a elementor-widget elementor-widget-heading\" data-id=\"03fd20a\" data-element_type=\"widget\" data-widget_type=\"heading.default\">\n\t\t\t\t<div class=\"elementor-widget-container\">\n\t\t\t\t\t<p class=\"elementor-heading-title elementor-size-default translation-block\"><strong>Cumplimiento:<\/strong> Arista se reserva el derecho de modificar esta pol\u00edtica, notificando los cambios mediante su publicaci\u00f3n en este sitio. Al brindar sus datos, el usuario acepta libre y expresamente los t\u00e9rminos aqu\u00ed establecidos, cuya \u00fanica finalidad es la correcta prestaci\u00f3n de los servicios de Arista.<\/p>\t\t\t\t<\/div>\n\t\t\t\t<\/div>\n\t\t\t\t<\/div>\n\t\t<div class=\"elementor-element elementor-element-03f10b0 e-con-full e-flex e-con e-child\" data-id=\"03f10b0\" data-element_type=\"container\">\n\t\t\t\t<div class=\"elementor-element elementor-element-82c7ad1 elementor-widget elementor-widget-image\" data-id=\"82c7ad1\" data-element_type=\"widget\" data-settings=\"{&quot;motion_fx_motion_fx_scrolling&quot;:&quot;yes&quot;,&quot;motion_fx_opacity_effect&quot;:&quot;yes&quot;,&quot;motion_fx_opacity_level&quot;:{&quot;unit&quot;:&quot;px&quot;,&quot;size&quot;:9,&quot;sizes&quot;:[]},&quot;motion_fx_opacity_range&quot;:{&quot;unit&quot;:&quot;%&quot;,&quot;size&quot;:&quot;&quot;,&quot;sizes&quot;:{&quot;start&quot;:31,&quot;end&quot;:73}},&quot;motion_fx_opacity_direction&quot;:&quot;out-in&quot;,&quot;motion_fx_devices&quot;:[&quot;desktop&quot;,&quot;tablet&quot;,&quot;mobile&quot;]}\" data-widget_type=\"image.default\">\n\t\t\t\t<div class=\"elementor-widget-container\">\n\t\t\t\t\t\t\t\t\t\t\t\t\t\t\t<img fetchpriority=\"high\" decoding=\"async\" width=\"800\" height=\"727\" src=\"https:\/\/aristatranslations.com\/wp-content\/uploads\/2025\/09\/IconoAristaBlancoCobreTransparente-1024x931.webp\" class=\"attachment-large size-large wp-image-350\" alt=\"\u00cdcono de Arista Translations and Language Solutions en colocar blanco con detalle en ocre, empresa de traducci\u00f3n e interpretaci\u00f3n profesional\" srcset=\"https:\/\/aristatranslations.com\/wp-content\/uploads\/2025\/09\/IconoAristaBlancoCobreTransparente-1024x931.webp 1024w, https:\/\/aristatranslations.com\/wp-content\/uploads\/2025\/09\/IconoAristaBlancoCobreTransparente-300x273.webp 300w, https:\/\/aristatranslations.com\/wp-content\/uploads\/2025\/09\/IconoAristaBlancoCobreTransparente-768x698.webp 768w, https:\/\/aristatranslations.com\/wp-content\/uploads\/2025\/09\/IconoAristaBlancoCobreTransparente.webp 1080w\" sizes=\"(max-width: 800px) 100vw, 800px\" \/>\t\t\t\t\t\t\t\t\t\t\t\t\t\t\t<\/div>\n\t\t\t\t<\/div>\n\t\t\t\t<\/div>\n\t\t\t\t<\/div>\n\t\t\t\t<\/div>","protected":false},"excerpt":{"rendered":"<p>Privacy Policy At Arista, we are committed to safeguarding the confidentiality and protection of personal information received in the course of our translation and language consulting services. Our policy is based on international data protection principles: Notice: We notify individuals about the collection and use of personal data. Choice: Individuals may choose not to provide [&hellip;]<\/p>","protected":false},"author":1,"featured_media":0,"parent":0,"menu_order":0,"comment_status":"closed","ping_status":"closed","template":"elementor_header_footer","meta":{"footnotes":""},"class_list":["post-1724","page","type-page","status-publish","hentry"],"yoast_head":"<!-- This site is optimized with the Yoast SEO plugin v26.7 - https:\/\/yoast.com\/wordpress\/plugins\/seo\/ -->\n<title>Privacy Policy - Arista<\/title>\n<meta name=\"description\" content=\"Discover Arista\u2019s tailored language solutions for a global and professional world, with expertise and cultural insight.\" \/>\n<meta name=\"robots\" content=\"index, follow, max-snippet:-1, max-image-preview:large, max-video-preview:-1\" \/>\n<link rel=\"canonical\" href=\"https:\/\/aristatranslations.com\/es\/privacypolicy\/\" \/>\n<meta property=\"og:locale\" content=\"es_ES\" \/>\n<meta property=\"og:type\" content=\"article\" \/>\n<meta property=\"og:title\" content=\"Arista - Translations &amp; Language Solutions\" \/>\n<meta property=\"og:description\" content=\"Tailored language solutions for a global and professional world\" \/>\n<meta property=\"og:url\" content=\"https:\/\/aristatranslations.com\/es\/privacypolicy\/\" \/>\n<meta property=\"og:site_name\" content=\"Arista\" \/>\n<meta property=\"article:modified_time\" content=\"2025-09-09T15:22:03+00:00\" \/>\n<meta property=\"og:image\" content=\"http:\/\/aristatranslations.com\/wp-content\/uploads\/2025\/08\/LogoArista-1.webp\" \/>\n\t<meta property=\"og:image:width\" content=\"2117\" \/>\n\t<meta property=\"og:image:height\" content=\"2135\" \/>\n\t<meta property=\"og:image:type\" content=\"image\/webp\" \/>\n<meta name=\"twitter:card\" content=\"summary_large_image\" \/>\n<meta name=\"twitter:label1\" content=\"Tiempo de lectura\" \/>\n\t<meta name=\"twitter:data1\" content=\"1 minuto\" \/>\n<script type=\"application\/ld+json\" class=\"yoast-schema-graph\">{\"@context\":\"https:\/\/schema.org\",\"@graph\":[{\"@type\":\"WebPage\",\"@id\":\"https:\/\/aristatranslations.com\/privacypolicy\/\",\"url\":\"https:\/\/aristatranslations.com\/privacypolicy\/\",\"name\":\"Privacy Policy - Arista\",\"isPartOf\":{\"@id\":\"https:\/\/aristatranslations.com\/#website\"},\"primaryImageOfPage\":{\"@id\":\"https:\/\/aristatranslations.com\/privacypolicy\/#primaryimage\"},\"image\":{\"@id\":\"https:\/\/aristatranslations.com\/privacypolicy\/#primaryimage\"},\"thumbnailUrl\":\"http:\/\/aristatranslations.com\/wp-content\/uploads\/2025\/09\/IconoAristaBlancoCobreTransparente-1024x931.webp\",\"datePublished\":\"2025-09-09T13:15:38+00:00\",\"dateModified\":\"2025-09-09T15:22:03+00:00\",\"description\":\"Discover Arista\u2019s tailored language solutions for a global and professional world, with expertise and cultural insight.\",\"breadcrumb\":{\"@id\":\"https:\/\/aristatranslations.com\/privacypolicy\/#breadcrumb\"},\"inLanguage\":\"es\",\"potentialAction\":[{\"@type\":\"ReadAction\",\"target\":[\"https:\/\/aristatranslations.com\/privacypolicy\/\"]}]},{\"@type\":\"ImageObject\",\"inLanguage\":\"es\",\"@id\":\"https:\/\/aristatranslations.com\/privacypolicy\/#primaryimage\",\"url\":\"http:\/\/aristatranslations.com\/wp-content\/uploads\/2025\/09\/IconoAristaBlancoCobreTransparente-1024x931.webp\",\"contentUrl\":\"http:\/\/aristatranslations.com\/wp-content\/uploads\/2025\/09\/IconoAristaBlancoCobreTransparente-1024x931.webp\"},{\"@type\":\"BreadcrumbList\",\"@id\":\"https:\/\/aristatranslations.com\/privacypolicy\/#breadcrumb\",\"itemListElement\":[{\"@type\":\"ListItem\",\"position\":1,\"name\":\"Inicio\",\"item\":\"https:\/\/aristatranslations.com\/\"},{\"@type\":\"ListItem\",\"position\":2,\"name\":\"Privacy Policy\"}]},{\"@type\":\"WebSite\",\"@id\":\"https:\/\/aristatranslations.com\/#website\",\"url\":\"https:\/\/aristatranslations.com\/\",\"name\":\"Arista\",\"description\":\"Translations &amp; Language Solutions\",\"publisher\":{\"@id\":\"https:\/\/aristatranslations.com\/#organization\"},\"potentialAction\":[{\"@type\":\"SearchAction\",\"target\":{\"@type\":\"EntryPoint\",\"urlTemplate\":\"https:\/\/aristatranslations.com\/?s={search_term_string}\"},\"query-input\":{\"@type\":\"PropertyValueSpecification\",\"valueRequired\":true,\"valueName\":\"search_term_string\"}}],\"inLanguage\":\"es\"},{\"@type\":\"Organization\",\"@id\":\"https:\/\/aristatranslations.com\/#organization\",\"name\":\"Arista Translations & Language Solutions\",\"url\":\"https:\/\/aristatranslations.com\/\",\"logo\":{\"@type\":\"ImageObject\",\"inLanguage\":\"es\",\"@id\":\"https:\/\/aristatranslations.com\/#\/schema\/logo\/image\/\",\"url\":\"https:\/\/aristatranslations.com\/wp-content\/uploads\/2025\/08\/cropped-LogoArista-1.webp\",\"contentUrl\":\"https:\/\/aristatranslations.com\/wp-content\/uploads\/2025\/08\/cropped-LogoArista-1.webp\",\"width\":2116,\"height\":2135,\"caption\":\"Arista Translations & Language Solutions\"},\"image\":{\"@id\":\"https:\/\/aristatranslations.com\/#\/schema\/logo\/image\/\"},\"sameAs\":[\"https:\/\/www.instagram.com\/aristatranslations\/\",\"https:\/\/www.linkedin.com\/company\/arista-translations-language-solutions\/\"]}]}<\/script>\n<!-- \/ Yoast SEO plugin. -->","yoast_head_json":{"title":"Privacy Policy - Arista","description":"Discover Arista\u2019s tailored language solutions for a global and professional world, with expertise and cultural insight.","robots":{"index":"index","follow":"follow","max-snippet":"max-snippet:-1","max-image-preview":"max-image-preview:large","max-video-preview":"max-video-preview:-1"},"canonical":"https:\/\/aristatranslations.com\/es\/privacypolicy\/","og_locale":"es_ES","og_type":"article","og_title":"Arista - Translations & Language Solutions","og_description":"Tailored language solutions for a global and professional world","og_url":"https:\/\/aristatranslations.com\/es\/privacypolicy\/","og_site_name":"Arista","article_modified_time":"2025-09-09T15:22:03+00:00","og_image":[{"width":2117,"height":2135,"url":"http:\/\/aristatranslations.com\/wp-content\/uploads\/2025\/08\/LogoArista-1.webp","type":"image\/webp"}],"twitter_card":"summary_large_image","twitter_misc":{"Tiempo de lectura":"1 minuto"},"schema":{"@context":"https:\/\/schema.org","@graph":[{"@type":"WebPage","@id":"https:\/\/aristatranslations.com\/privacypolicy\/","url":"https:\/\/aristatranslations.com\/privacypolicy\/","name":"Privacy Policy - Arista","isPartOf":{"@id":"https:\/\/aristatranslations.com\/#website"},"primaryImageOfPage":{"@id":"https:\/\/aristatranslations.com\/privacypolicy\/#primaryimage"},"image":{"@id":"https:\/\/aristatranslations.com\/privacypolicy\/#primaryimage"},"thumbnailUrl":"http:\/\/aristatranslations.com\/wp-content\/uploads\/2025\/09\/IconoAristaBlancoCobreTransparente-1024x931.webp","datePublished":"2025-09-09T13:15:38+00:00","dateModified":"2025-09-09T15:22:03+00:00","description":"Discover Arista\u2019s tailored language solutions for a global and professional world, with expertise and cultural insight.","breadcrumb":{"@id":"https:\/\/aristatranslations.com\/privacypolicy\/#breadcrumb"},"inLanguage":"es","potentialAction":[{"@type":"ReadAction","target":["https:\/\/aristatranslations.com\/privacypolicy\/"]}]},{"@type":"ImageObject","inLanguage":"es","@id":"https:\/\/aristatranslations.com\/privacypolicy\/#primaryimage","url":"http:\/\/aristatranslations.com\/wp-content\/uploads\/2025\/09\/IconoAristaBlancoCobreTransparente-1024x931.webp","contentUrl":"http:\/\/aristatranslations.com\/wp-content\/uploads\/2025\/09\/IconoAristaBlancoCobreTransparente-1024x931.webp"},{"@type":"BreadcrumbList","@id":"https:\/\/aristatranslations.com\/privacypolicy\/#breadcrumb","itemListElement":[{"@type":"ListItem","position":1,"name":"Inicio","item":"https:\/\/aristatranslations.com\/"},{"@type":"ListItem","position":2,"name":"Privacy Policy"}]},{"@type":"WebSite","@id":"https:\/\/aristatranslations.com\/#website","url":"https:\/\/aristatranslations.com\/","name":"Arista?","description":"Translations &amp; Language Solutions","publisher":{"@id":"https:\/\/aristatranslations.com\/#organization"},"potentialAction":[{"@type":"SearchAction","target":{"@type":"EntryPoint","urlTemplate":"https:\/\/aristatranslations.com\/?s={search_term_string}"},"query-input":{"@type":"PropertyValueSpecification","valueRequired":true,"valueName":"search_term_string"}}],"inLanguage":"es"},{"@type":"Organization","@id":"https:\/\/aristatranslations.com\/#organization","name":"Arista Translations & Language Solutions","url":"https:\/\/aristatranslations.com\/","logo":{"@type":"ImageObject","inLanguage":"es","@id":"https:\/\/aristatranslations.com\/#\/schema\/logo\/image\/","url":"https:\/\/aristatranslations.com\/wp-content\/uploads\/2025\/08\/cropped-LogoArista-1.webp","contentUrl":"https:\/\/aristatranslations.com\/wp-content\/uploads\/2025\/08\/cropped-LogoArista-1.webp","width":2116,"height":2135,"caption":"Arista Translations & Language Solutions"},"image":{"@id":"https:\/\/aristatranslations.com\/#\/schema\/logo\/image\/"},"sameAs":["https:\/\/www.instagram.com\/aristatranslations\/","https:\/\/www.linkedin.com\/company\/arista-translations-language-solutions\/"]}]}},"_links":{"self":[{"href":"https:\/\/aristatranslations.com\/es\/wp-json\/wp\/v2\/pages\/1724","targetHints":{"allow":["GET"]}}],"collection":[{"href":"https:\/\/aristatranslations.com\/es\/wp-json\/wp\/v2\/pages"}],"about":[{"href":"https:\/\/aristatranslations.com\/es\/wp-json\/wp\/v2\/types\/page"}],"author":[{"embeddable":true,"href":"https:\/\/aristatranslations.com\/es\/wp-json\/wp\/v2\/users\/1"}],"replies":[{"embeddable":true,"href":"https:\/\/aristatranslations.com\/es\/wp-json\/wp\/v2\/comments?post=1724"}],"version-history":[{"count":31,"href":"https:\/\/aristatranslations.com\/es\/wp-json\/wp\/v2\/pages\/1724\/revisions"}],"predecessor-version":[{"id":1765,"href":"https:\/\/aristatranslations.com\/es\/wp-json\/wp\/v2\/pages\/1724\/revisions\/1765"}],"wp:attachment":[{"href":"https:\/\/aristatranslations.com\/es\/wp-json\/wp\/v2\/media?parent=1724"}],"curies":[{"name":"wp","href":"https:\/\/api.w.org\/{rel}","templated":true}]}}