{"id":1123,"date":"2025-09-04T21:28:59","date_gmt":"2025-09-05T00:28:59","guid":{"rendered":"https:\/\/aristatranslations.com\/?page_id=1123"},"modified":"2025-09-15T18:32:13","modified_gmt":"2025-09-15T21:32:13","slug":"language-proficiency-assessment","status":"publish","type":"page","link":"https:\/\/aristatranslations.com\/es\/language-proficiency-assessment\/","title":{"rendered":"Evaluaci\u00f3n de competencia ling\u00fc\u00edstica"},"content":{"rendered":"<div data-elementor-type=\"wp-page\" data-elementor-id=\"1123\" class=\"elementor elementor-1123\" data-elementor-post-type=\"page\">\n\t\t\t\t<div class=\"elementor-element elementor-element-62afa60 e-con-full e-flex e-con e-parent\" data-id=\"62afa60\" data-element_type=\"container\" data-settings=\"{&quot;background_background&quot;:&quot;classic&quot;}\">\n\t\t<div class=\"elementor-element elementor-element-60fb349 e-con-full e-flex e-con e-child\" data-id=\"60fb349\" data-element_type=\"container\">\n\t\t<div class=\"elementor-element elementor-element-babd52a e-con-full e-flex e-con e-child\" data-id=\"babd52a\" data-element_type=\"container\" data-settings=\"{&quot;background_background&quot;:&quot;classic&quot;}\">\n\t\t\t\t<div class=\"elementor-element elementor-element-1a2a3f4 elementor-widget elementor-widget-image\" data-id=\"1a2a3f4\" data-element_type=\"widget\" data-settings=\"{&quot;sticky&quot;:&quot;top&quot;,&quot;sticky_on&quot;:[&quot;desktop&quot;],&quot;sticky_offset_tablet&quot;:450,&quot;sticky_parent&quot;:&quot;yes&quot;,&quot;sticky_offset&quot;:0,&quot;sticky_effects_offset&quot;:0,&quot;sticky_anchor_link_offset&quot;:0}\" data-widget_type=\"image.default\">\n\t\t\t\t<div class=\"elementor-widget-container\">\n\t\t\t\t\t\t\t\t\t\t\t\t\t\t\t<img fetchpriority=\"high\" decoding=\"async\" width=\"800\" height=\"534\" src=\"https:\/\/aristatranslations.com\/wp-content\/uploads\/2025\/09\/LanguageProficiencyAssessment-1024x683.webp\" class=\"attachment-large size-large wp-image-1021\" alt=\"Language Proficiency Assessment\" srcset=\"https:\/\/aristatranslations.com\/wp-content\/uploads\/2025\/09\/LanguageProficiencyAssessment-1024x683.webp 1024w, https:\/\/aristatranslations.com\/wp-content\/uploads\/2025\/09\/LanguageProficiencyAssessment-300x200.webp 300w, https:\/\/aristatranslations.com\/wp-content\/uploads\/2025\/09\/LanguageProficiencyAssessment-768x512.webp 768w, https:\/\/aristatranslations.com\/wp-content\/uploads\/2025\/09\/LanguageProficiencyAssessment.webp 1536w\" sizes=\"(max-width: 800px) 100vw, 800px\" \/>\t\t\t\t\t\t\t\t\t\t\t\t\t\t\t<\/div>\n\t\t\t\t<\/div>\n\t\t\t\t<\/div>\n\t\t<div class=\"elementor-element elementor-element-939efc9 e-con-full e-flex e-con e-child\" data-id=\"939efc9\" data-element_type=\"container\">\n\t\t\t\t<div class=\"elementor-element elementor-element-82bf28e elementor-widget elementor-widget-heading\" data-id=\"82bf28e\" data-element_type=\"widget\" data-widget_type=\"heading.default\">\n\t\t\t\t<div class=\"elementor-widget-container\">\n\t\t\t\t\t<h1 class=\"elementor-heading-title elementor-size-default\">Evaluaci\u00f3n de competencia ling\u00fc\u00edstica <\/h1>\t\t\t\t<\/div>\n\t\t\t\t<\/div>\n\t\t\t\t<div class=\"elementor-element elementor-element-9f0c90e elementor-widget elementor-widget-heading\" data-id=\"9f0c90e\" data-element_type=\"widget\" data-widget_type=\"heading.default\">\n\t\t\t\t<div class=\"elementor-widget-container\">\n\t\t\t\t\t<p class=\"elementor-heading-title elementor-size-default\">Pruebas objetivas alineadas al MCER para una comunicaci\u00f3n eficaz<\/p>\t\t\t\t<\/div>\n\t\t\t\t<\/div>\n\t\t\t\t<div class=\"elementor-element elementor-element-bd649bc elementor-widget elementor-widget-heading\" data-id=\"bd649bc\" data-element_type=\"widget\" data-widget_type=\"heading.default\">\n\t\t\t\t<div class=\"elementor-widget-container\">\n\t\t\t\t\t<p class=\"elementor-heading-title elementor-size-default\">Una evaluaci\u00f3n confiable acelera las incorporaciones y reduce riesgos en la contrataci\u00f3n. Analizamos el desempe\u00f1o ling\u00fc\u00edstico real en funciones espec\u00edficas como atenci\u00f3n al cliente, ventas, soporte de TI, operaciones, finanzas.  Aplicamos criterios basados en el MCER (Marco Com\u00fan Europeo de Referencia para las lenguas, est\u00e1ndar internacional para medir niveles de competencia ling\u00fc\u00edstica). Los informes est\u00e1n dise\u00f1ados para reclutadores y responsables de contrataci\u00f3n que necesitan evidencia clara y comparable del nivel de idioma.<\/p>\t\t\t\t<\/div>\n\t\t\t\t<\/div>\n\t\t\t\t<div class=\"elementor-element elementor-element-26cf580 elementor-widget elementor-widget-heading\" data-id=\"26cf580\" data-element_type=\"widget\" data-widget_type=\"heading.default\">\n\t\t\t\t<div class=\"elementor-widget-container\">\n\t\t\t\t\t<p class=\"elementor-heading-title elementor-size-default\">Las evaluaciones reproducen los desaf\u00edos comunicativos propios de cada puesto. Entre las tareas habituales se incluyen simulaciones de llamadas, presentaci\u00f3n de productos, redacci\u00f3n de correos electr\u00f3nicos y res\u00famenes de contenidos t\u00e9cnicos o normativos bajo plazos definidos.<\/p>\t\t\t\t<\/div>\n\t\t\t\t<\/div>\n\t\t\t\t<div class=\"elementor-element elementor-element-a498b41 elementor-widget elementor-widget-heading\" data-id=\"a498b41\" data-element_type=\"widget\" data-widget_type=\"heading.default\">\n\t\t\t\t<div class=\"elementor-widget-container\">\n\t\t\t\t\t<p class=\"elementor-heading-title elementor-size-default\">Este servicio incluye:<\/p>\t\t\t\t<\/div>\n\t\t\t\t<\/div>\n\t\t<div class=\"elementor-element elementor-element-2346216 e-con-full e-flex elementor-invisible e-con e-child\" data-id=\"2346216\" data-element_type=\"container\" data-settings=\"{&quot;animation&quot;:&quot;fadeInUp&quot;}\">\n\t\t\t\t<div class=\"elementor-element elementor-element-06f7296 elementor-widget elementor-widget-image\" data-id=\"06f7296\" data-element_type=\"widget\" data-widget_type=\"image.default\">\n\t\t\t\t<div class=\"elementor-widget-container\">\n\t\t\t\t\t\t\t\t\t\t\t\t\t\t\t<img decoding=\"async\" width=\"800\" height=\"836\" src=\"https:\/\/aristatranslations.com\/wp-content\/uploads\/2025\/09\/bulletServices-980x1024.webp\" class=\"attachment-large size-large wp-image-997\" alt=\"\u00cdcono de Arista Translations and Language Solutions en color verde con detalle en ocre sobre c\u00edrculo blanco para ser usado como bullet\" srcset=\"https:\/\/aristatranslations.com\/wp-content\/uploads\/2025\/09\/bulletServices-980x1024.webp 980w, https:\/\/aristatranslations.com\/wp-content\/uploads\/2025\/09\/bulletServices-287x300.webp 287w, https:\/\/aristatranslations.com\/wp-content\/uploads\/2025\/09\/bulletServices-768x802.webp 768w, https:\/\/aristatranslations.com\/wp-content\/uploads\/2025\/09\/bulletServices-1470x1536.webp 1470w, https:\/\/aristatranslations.com\/wp-content\/uploads\/2025\/09\/bulletServices-1960x2048.webp 1960w\" sizes=\"(max-width: 800px) 100vw, 800px\" \/>\t\t\t\t\t\t\t\t\t\t\t\t\t\t\t<\/div>\n\t\t\t\t<\/div>\n\t\t\t\t<div class=\"elementor-element elementor-element-de6631f elementor-widget-mobile__width-initial elementor-widget__width-initial elementor-widget elementor-widget-heading\" data-id=\"de6631f\" data-element_type=\"widget\" data-widget_type=\"heading.default\">\n\t\t\t\t<div class=\"elementor-widget-container\">\n\t\t\t\t\t<h6 class=\"elementor-heading-title elementor-size-default\">Pruebas orales y escritas adaptadas a los requisitos del puesto, con calificaci\u00f3n basada en el MCER.<\/h6>\t\t\t\t<\/div>\n\t\t\t\t<\/div>\n\t\t\t\t<\/div>\n\t\t<div class=\"elementor-element elementor-element-2752f8e e-con-full e-flex elementor-invisible e-con e-child\" data-id=\"2752f8e\" data-element_type=\"container\" data-settings=\"{&quot;animation&quot;:&quot;fadeInUp&quot;}\">\n\t\t\t\t<div class=\"elementor-element elementor-element-7a6c684 elementor-widget elementor-widget-image\" data-id=\"7a6c684\" data-element_type=\"widget\" data-widget_type=\"image.default\">\n\t\t\t\t<div class=\"elementor-widget-container\">\n\t\t\t\t\t\t\t\t\t\t\t\t\t\t\t<img decoding=\"async\" width=\"800\" height=\"836\" src=\"https:\/\/aristatranslations.com\/wp-content\/uploads\/2025\/09\/bulletServices-980x1024.webp\" class=\"attachment-large size-large wp-image-997\" alt=\"\u00cdcono de Arista Translations and Language Solutions en color verde con detalle en ocre sobre c\u00edrculo blanco para ser usado como bullet\" srcset=\"https:\/\/aristatranslations.com\/wp-content\/uploads\/2025\/09\/bulletServices-980x1024.webp 980w, https:\/\/aristatranslations.com\/wp-content\/uploads\/2025\/09\/bulletServices-287x300.webp 287w, https:\/\/aristatranslations.com\/wp-content\/uploads\/2025\/09\/bulletServices-768x802.webp 768w, https:\/\/aristatranslations.com\/wp-content\/uploads\/2025\/09\/bulletServices-1470x1536.webp 1470w, https:\/\/aristatranslations.com\/wp-content\/uploads\/2025\/09\/bulletServices-1960x2048.webp 1960w\" sizes=\"(max-width: 800px) 100vw, 800px\" \/>\t\t\t\t\t\t\t\t\t\t\t\t\t\t\t<\/div>\n\t\t\t\t<\/div>\n\t\t\t\t<div class=\"elementor-element elementor-element-a4be95f elementor-widget-mobile__width-initial elementor-widget__width-initial elementor-widget elementor-widget-heading\" data-id=\"a4be95f\" data-element_type=\"widget\" data-widget_type=\"heading.default\">\n\t\t\t\t<div class=\"elementor-widget-container\">\n\t\t\t\t\t<h6 class=\"elementor-heading-title elementor-size-default\">Evaluaciones por escenarios que miden vocabulario sectorial, precisi\u00f3n y competencia interactiva.<\/h6>\t\t\t\t<\/div>\n\t\t\t\t<\/div>\n\t\t\t\t<\/div>\n\t\t<div class=\"elementor-element elementor-element-94d039d e-con-full e-flex elementor-invisible e-con e-child\" data-id=\"94d039d\" data-element_type=\"container\" data-settings=\"{&quot;animation&quot;:&quot;fadeInUp&quot;}\">\n\t\t\t\t<div class=\"elementor-element elementor-element-9e9f6da elementor-widget elementor-widget-image\" data-id=\"9e9f6da\" data-element_type=\"widget\" data-widget_type=\"image.default\">\n\t\t\t\t<div class=\"elementor-widget-container\">\n\t\t\t\t\t\t\t\t\t\t\t\t\t\t\t<img decoding=\"async\" width=\"800\" height=\"836\" src=\"https:\/\/aristatranslations.com\/wp-content\/uploads\/2025\/09\/bulletServices-980x1024.webp\" class=\"attachment-large size-large wp-image-997\" alt=\"\u00cdcono de Arista Translations and Language Solutions en color verde con detalle en ocre sobre c\u00edrculo blanco para ser usado como bullet\" srcset=\"https:\/\/aristatranslations.com\/wp-content\/uploads\/2025\/09\/bulletServices-980x1024.webp 980w, https:\/\/aristatranslations.com\/wp-content\/uploads\/2025\/09\/bulletServices-287x300.webp 287w, https:\/\/aristatranslations.com\/wp-content\/uploads\/2025\/09\/bulletServices-768x802.webp 768w, https:\/\/aristatranslations.com\/wp-content\/uploads\/2025\/09\/bulletServices-1470x1536.webp 1470w, https:\/\/aristatranslations.com\/wp-content\/uploads\/2025\/09\/bulletServices-1960x2048.webp 1960w\" sizes=\"(max-width: 800px) 100vw, 800px\" \/>\t\t\t\t\t\t\t\t\t\t\t\t\t\t\t<\/div>\n\t\t\t\t<\/div>\n\t\t\t\t<div class=\"elementor-element elementor-element-d90181a elementor-widget-mobile__width-initial elementor-widget__width-initial elementor-widget elementor-widget-heading\" data-id=\"d90181a\" data-element_type=\"widget\" data-widget_type=\"heading.default\">\n\t\t\t\t<div class=\"elementor-widget-container\">\n\t\t\t\t\t<h6 class=\"elementor-heading-title elementor-size-default\">Informes estructurados con nivel alcanzado, fortalezas, brechas y recomendaciones de contrataci\u00f3n.<\/h6>\t\t\t\t<\/div>\n\t\t\t\t<\/div>\n\t\t\t\t<\/div>\n\t\t<div class=\"elementor-element elementor-element-d388af7 e-con-full e-flex elementor-invisible e-con e-child\" data-id=\"d388af7\" data-element_type=\"container\" data-settings=\"{&quot;animation&quot;:&quot;fadeInUp&quot;}\">\n\t\t\t\t<div class=\"elementor-element elementor-element-3134a0a elementor-widget elementor-widget-image\" data-id=\"3134a0a\" data-element_type=\"widget\" data-widget_type=\"image.default\">\n\t\t\t\t<div class=\"elementor-widget-container\">\n\t\t\t\t\t\t\t\t\t\t\t\t\t\t\t<img decoding=\"async\" width=\"800\" height=\"836\" src=\"https:\/\/aristatranslations.com\/wp-content\/uploads\/2025\/09\/bulletServices-980x1024.webp\" class=\"attachment-large size-large wp-image-997\" alt=\"\u00cdcono de Arista Translations and Language Solutions en color verde con detalle en ocre sobre c\u00edrculo blanco para ser usado como bullet\" srcset=\"https:\/\/aristatranslations.com\/wp-content\/uploads\/2025\/09\/bulletServices-980x1024.webp 980w, https:\/\/aristatranslations.com\/wp-content\/uploads\/2025\/09\/bulletServices-287x300.webp 287w, https:\/\/aristatranslations.com\/wp-content\/uploads\/2025\/09\/bulletServices-768x802.webp 768w, https:\/\/aristatranslations.com\/wp-content\/uploads\/2025\/09\/bulletServices-1470x1536.webp 1470w, https:\/\/aristatranslations.com\/wp-content\/uploads\/2025\/09\/bulletServices-1960x2048.webp 1960w\" sizes=\"(max-width: 800px) 100vw, 800px\" \/>\t\t\t\t\t\t\t\t\t\t\t\t\t\t\t<\/div>\n\t\t\t\t<\/div>\n\t\t\t\t<div class=\"elementor-element elementor-element-c2d2ee4 elementor-widget-mobile__width-initial elementor-widget__width-initial elementor-widget elementor-widget-heading\" data-id=\"c2d2ee4\" data-element_type=\"widget\" data-widget_type=\"heading.default\">\n\t\t\t\t<div class=\"elementor-widget-container\">\n\t\t\t\t\t<h6 class=\"elementor-heading-title elementor-size-default\">Procesamiento prioritario para requisiciones urgentes o de alto volumen.<\/h6>\t\t\t\t<\/div>\n\t\t\t\t<\/div>\n\t\t\t\t<\/div>\n\t\t\t\t<div class=\"elementor-element elementor-element-c2417b6 elementor-widget elementor-widget-heading\" data-id=\"c2417b6\" data-element_type=\"widget\" data-widget_type=\"heading.default\">\n\t\t\t\t<div class=\"elementor-widget-container\">\n\t\t\t\t\t<p class=\"elementor-heading-title elementor-size-default translation-block\"><strong>Resultado esperado:<\/strong> evidencia clara y comparable de competencias ling\u00fc\u00edsticas, que respalda decisiones de contrataci\u00f3n seguras y eficaces.<\/p>\t\t\t\t<\/div>\n\t\t\t\t<\/div>\n\t\t<div class=\"elementor-element elementor-element-4b16aca e-con-full e-flex e-con e-child\" data-id=\"4b16aca\" data-element_type=\"container\">\n\t\t<div class=\"elementor-element elementor-element-5a463da e-con-full e-flex e-con e-child\" data-id=\"5a463da\" data-element_type=\"container\">\n\t\t\t\t<div class=\"elementor-element elementor-element-4f3f489 elementor-mobile-align-justify elementor-widget-mobile__width-initial elementor-align-justify elementor-invisible elementor-widget elementor-widget-button\" data-id=\"4f3f489\" data-element_type=\"widget\" data-settings=\"{&quot;_animation&quot;:&quot;fadeInLeft&quot;}\" data-widget_type=\"button.default\">\n\t\t\t\t<div class=\"elementor-widget-container\">\n\t\t\t\t\t\t\t\t\t<div class=\"elementor-button-wrapper\">\n\t\t\t\t\t<a class=\"elementor-button elementor-button-link elementor-size-sm\" href=\"https:\/\/aristatranslations.com\/es\/quote\/\">\n\t\t\t\t\t\t<span class=\"elementor-button-content-wrapper\">\n\t\t\t\t\t\t\t\t\t<span class=\"elementor-button-text\">Cont\u00e1ctenos<\/span>\n\t\t\t\t\t<\/span>\n\t\t\t\t\t<\/a>\n\t\t\t\t<\/div>\n\t\t\t\t\t\t\t\t<\/div>\n\t\t\t\t<\/div>\n\t\t\t\t<\/div>\n\t\t<div class=\"elementor-element elementor-element-7fc2fdd e-con-full e-flex e-con e-child\" data-id=\"7fc2fdd\" data-element_type=\"container\">\n\t\t\t\t<div class=\"elementor-element elementor-element-a735878 elementor-mobile-align-justify elementor-widget-mobile__width-initial elementor-align-justify elementor-invisible elementor-widget elementor-widget-button\" data-id=\"a735878\" data-element_type=\"widget\" data-settings=\"{&quot;_animation&quot;:&quot;fadeInRight&quot;}\" data-widget_type=\"button.default\">\n\t\t\t\t<div class=\"elementor-widget-container\">\n\t\t\t\t\t\t\t\t\t<div class=\"elementor-button-wrapper\">\n\t\t\t\t\t<a class=\"elementor-button elementor-button-link elementor-size-sm\" href=\"https:\/\/aristatranslations.com\/es\/services\/\">\n\t\t\t\t\t\t<span class=\"elementor-button-content-wrapper\">\n\t\t\t\t\t\t\t\t\t<span class=\"elementor-button-text\">Volver a Servicios<\/span>\n\t\t\t\t\t<\/span>\n\t\t\t\t\t<\/a>\n\t\t\t\t<\/div>\n\t\t\t\t\t\t\t\t<\/div>\n\t\t\t\t<\/div>\n\t\t\t\t<\/div>\n\t\t\t\t<\/div>\n\t\t\t\t<\/div>\n\t\t\t\t<\/div>\n\t\t\t\t<\/div>\n\t\t\t\t<\/div>","protected":false},"excerpt":{"rendered":"<p>Language Proficiency Assessment Objective CEFR-Aligned Evaluations for Role-Ready Communication Reliable screening accelerates placements and reduces hiring risk. We evaluate real-world language performance for specific roles\u2014customer service, sales, IT support, operations, finance\u2014using CEFR-aligned criteria. Reports are designed for recruiters and hiring managers who need clear, comparable evidence of language proficiency. Assessments reflect the actual communication challenges [&hellip;]<\/p>","protected":false},"author":1,"featured_media":0,"parent":0,"menu_order":0,"comment_status":"closed","ping_status":"closed","template":"elementor_header_footer","meta":{"footnotes":""},"class_list":["post-1123","page","type-page","status-publish","hentry"],"yoast_head":"<!-- This site is optimized with the Yoast SEO plugin v26.7 - https:\/\/yoast.com\/wordpress\/plugins\/seo\/ -->\n<title>Language Proficiency Assessment - Arista<\/title>\n<meta name=\"description\" content=\"Objective CEFR-aligned language assessments to evaluate real-world skills, reduce hiring risk, and support role-ready communication.\" \/>\n<meta name=\"robots\" content=\"index, follow, max-snippet:-1, max-image-preview:large, max-video-preview:-1\" \/>\n<link rel=\"canonical\" href=\"https:\/\/aristatranslations.com\/es\/language-proficiency-assessment\/\" \/>\n<meta property=\"og:locale\" content=\"es_ES\" \/>\n<meta property=\"og:type\" content=\"article\" \/>\n<meta property=\"og:title\" content=\"Language Proficiency Assessment\" \/>\n<meta property=\"og:description\" content=\"Objective CEFR-aligned language assessments to evaluate real-world skills, reduce hiring risk, and support role-ready communication.\" \/>\n<meta property=\"og:url\" content=\"https:\/\/aristatranslations.com\/es\/language-proficiency-assessment\/\" \/>\n<meta property=\"og:site_name\" content=\"Arista\" \/>\n<meta property=\"article:modified_time\" content=\"2025-09-15T21:32:13+00:00\" \/>\n<meta property=\"og:image\" content=\"http:\/\/aristatranslations.com\/wp-content\/uploads\/2025\/08\/LogoArista-1.webp\" \/>\n\t<meta property=\"og:image:width\" content=\"2117\" \/>\n\t<meta property=\"og:image:height\" content=\"2135\" \/>\n\t<meta property=\"og:image:type\" content=\"image\/webp\" \/>\n<meta name=\"twitter:card\" content=\"summary_large_image\" \/>\n<meta name=\"twitter:label1\" content=\"Tiempo de lectura\" \/>\n\t<meta name=\"twitter:data1\" content=\"2 minutos\" \/>\n<script type=\"application\/ld+json\" class=\"yoast-schema-graph\">{\"@context\":\"https:\/\/schema.org\",\"@graph\":[{\"@type\":\"WebPage\",\"@id\":\"https:\/\/aristatranslations.com\/language-proficiency-assessment\/\",\"url\":\"https:\/\/aristatranslations.com\/language-proficiency-assessment\/\",\"name\":\"Language Proficiency Assessment - Arista\",\"isPartOf\":{\"@id\":\"https:\/\/aristatranslations.com\/#website\"},\"primaryImageOfPage\":{\"@id\":\"https:\/\/aristatranslations.com\/language-proficiency-assessment\/#primaryimage\"},\"image\":{\"@id\":\"https:\/\/aristatranslations.com\/language-proficiency-assessment\/#primaryimage\"},\"thumbnailUrl\":\"http:\/\/aristatranslations.com\/wp-content\/uploads\/2025\/09\/LanguageProficiencyAssessment-1024x683.webp\",\"datePublished\":\"2025-09-05T00:28:59+00:00\",\"dateModified\":\"2025-09-15T21:32:13+00:00\",\"description\":\"Objective CEFR-aligned language assessments to evaluate real-world skills, reduce hiring risk, and support role-ready communication.\",\"breadcrumb\":{\"@id\":\"https:\/\/aristatranslations.com\/language-proficiency-assessment\/#breadcrumb\"},\"inLanguage\":\"es\",\"potentialAction\":[{\"@type\":\"ReadAction\",\"target\":[\"https:\/\/aristatranslations.com\/language-proficiency-assessment\/\"]}]},{\"@type\":\"ImageObject\",\"inLanguage\":\"es\",\"@id\":\"https:\/\/aristatranslations.com\/language-proficiency-assessment\/#primaryimage\",\"url\":\"http:\/\/aristatranslations.com\/wp-content\/uploads\/2025\/09\/LanguageProficiencyAssessment-1024x683.webp\",\"contentUrl\":\"http:\/\/aristatranslations.com\/wp-content\/uploads\/2025\/09\/LanguageProficiencyAssessment-1024x683.webp\"},{\"@type\":\"BreadcrumbList\",\"@id\":\"https:\/\/aristatranslations.com\/language-proficiency-assessment\/#breadcrumb\",\"itemListElement\":[{\"@type\":\"ListItem\",\"position\":1,\"name\":\"Inicio\",\"item\":\"https:\/\/aristatranslations.com\/\"},{\"@type\":\"ListItem\",\"position\":2,\"name\":\"Language Proficiency Assessment\"}]},{\"@type\":\"WebSite\",\"@id\":\"https:\/\/aristatranslations.com\/#website\",\"url\":\"https:\/\/aristatranslations.com\/\",\"name\":\"Arista\",\"description\":\"Translations &amp; Language Solutions\",\"publisher\":{\"@id\":\"https:\/\/aristatranslations.com\/#organization\"},\"potentialAction\":[{\"@type\":\"SearchAction\",\"target\":{\"@type\":\"EntryPoint\",\"urlTemplate\":\"https:\/\/aristatranslations.com\/?s={search_term_string}\"},\"query-input\":{\"@type\":\"PropertyValueSpecification\",\"valueRequired\":true,\"valueName\":\"search_term_string\"}}],\"inLanguage\":\"es\"},{\"@type\":\"Organization\",\"@id\":\"https:\/\/aristatranslations.com\/#organization\",\"name\":\"Arista Translations & Language Solutions\",\"url\":\"https:\/\/aristatranslations.com\/\",\"logo\":{\"@type\":\"ImageObject\",\"inLanguage\":\"es\",\"@id\":\"https:\/\/aristatranslations.com\/#\/schema\/logo\/image\/\",\"url\":\"https:\/\/aristatranslations.com\/wp-content\/uploads\/2025\/08\/cropped-LogoArista-1.webp\",\"contentUrl\":\"https:\/\/aristatranslations.com\/wp-content\/uploads\/2025\/08\/cropped-LogoArista-1.webp\",\"width\":2116,\"height\":2135,\"caption\":\"Arista Translations & Language Solutions\"},\"image\":{\"@id\":\"https:\/\/aristatranslations.com\/#\/schema\/logo\/image\/\"},\"sameAs\":[\"https:\/\/www.instagram.com\/aristatranslations\/\",\"https:\/\/www.linkedin.com\/company\/arista-translations-language-solutions\/\"]}]}<\/script>\n<!-- \/ Yoast SEO plugin. -->","yoast_head_json":{"title":"Language Proficiency Assessment - Arista","description":"Objective CEFR-aligned language assessments to evaluate real-world skills, reduce hiring risk, and support role-ready communication.","robots":{"index":"index","follow":"follow","max-snippet":"max-snippet:-1","max-image-preview":"max-image-preview:large","max-video-preview":"max-video-preview:-1"},"canonical":"https:\/\/aristatranslations.com\/es\/language-proficiency-assessment\/","og_locale":"es_ES","og_type":"article","og_title":"Language Proficiency Assessment","og_description":"Objective CEFR-aligned language assessments to evaluate real-world skills, reduce hiring risk, and support role-ready communication.","og_url":"https:\/\/aristatranslations.com\/es\/language-proficiency-assessment\/","og_site_name":"Arista","article_modified_time":"2025-09-15T21:32:13+00:00","og_image":[{"width":2117,"height":2135,"url":"http:\/\/aristatranslations.com\/wp-content\/uploads\/2025\/08\/LogoArista-1.webp","type":"image\/webp"}],"twitter_card":"summary_large_image","twitter_misc":{"Tiempo de lectura":"2 minutos"},"schema":{"@context":"https:\/\/schema.org","@graph":[{"@type":"WebPage","@id":"https:\/\/aristatranslations.com\/language-proficiency-assessment\/","url":"https:\/\/aristatranslations.com\/language-proficiency-assessment\/","name":"Language Proficiency Assessment - Arista","isPartOf":{"@id":"https:\/\/aristatranslations.com\/#website"},"primaryImageOfPage":{"@id":"https:\/\/aristatranslations.com\/language-proficiency-assessment\/#primaryimage"},"image":{"@id":"https:\/\/aristatranslations.com\/language-proficiency-assessment\/#primaryimage"},"thumbnailUrl":"http:\/\/aristatranslations.com\/wp-content\/uploads\/2025\/09\/LanguageProficiencyAssessment-1024x683.webp","datePublished":"2025-09-05T00:28:59+00:00","dateModified":"2025-09-15T21:32:13+00:00","description":"Objective CEFR-aligned language assessments to evaluate real-world skills, reduce hiring risk, and support role-ready communication.","breadcrumb":{"@id":"https:\/\/aristatranslations.com\/language-proficiency-assessment\/#breadcrumb"},"inLanguage":"es","potentialAction":[{"@type":"ReadAction","target":["https:\/\/aristatranslations.com\/language-proficiency-assessment\/"]}]},{"@type":"ImageObject","inLanguage":"es","@id":"https:\/\/aristatranslations.com\/language-proficiency-assessment\/#primaryimage","url":"http:\/\/aristatranslations.com\/wp-content\/uploads\/2025\/09\/LanguageProficiencyAssessment-1024x683.webp","contentUrl":"http:\/\/aristatranslations.com\/wp-content\/uploads\/2025\/09\/LanguageProficiencyAssessment-1024x683.webp"},{"@type":"BreadcrumbList","@id":"https:\/\/aristatranslations.com\/language-proficiency-assessment\/#breadcrumb","itemListElement":[{"@type":"ListItem","position":1,"name":"Inicio","item":"https:\/\/aristatranslations.com\/"},{"@type":"ListItem","position":2,"name":"Language Proficiency Assessment"}]},{"@type":"WebSite","@id":"https:\/\/aristatranslations.com\/#website","url":"https:\/\/aristatranslations.com\/","name":"Arista?","description":"Translations &amp; Language Solutions","publisher":{"@id":"https:\/\/aristatranslations.com\/#organization"},"potentialAction":[{"@type":"SearchAction","target":{"@type":"EntryPoint","urlTemplate":"https:\/\/aristatranslations.com\/?s={search_term_string}"},"query-input":{"@type":"PropertyValueSpecification","valueRequired":true,"valueName":"search_term_string"}}],"inLanguage":"es"},{"@type":"Organization","@id":"https:\/\/aristatranslations.com\/#organization","name":"Arista Translations & Language Solutions","url":"https:\/\/aristatranslations.com\/","logo":{"@type":"ImageObject","inLanguage":"es","@id":"https:\/\/aristatranslations.com\/#\/schema\/logo\/image\/","url":"https:\/\/aristatranslations.com\/wp-content\/uploads\/2025\/08\/cropped-LogoArista-1.webp","contentUrl":"https:\/\/aristatranslations.com\/wp-content\/uploads\/2025\/08\/cropped-LogoArista-1.webp","width":2116,"height":2135,"caption":"Arista Translations & Language Solutions"},"image":{"@id":"https:\/\/aristatranslations.com\/#\/schema\/logo\/image\/"},"sameAs":["https:\/\/www.instagram.com\/aristatranslations\/","https:\/\/www.linkedin.com\/company\/arista-translations-language-solutions\/"]}]}},"_links":{"self":[{"href":"https:\/\/aristatranslations.com\/es\/wp-json\/wp\/v2\/pages\/1123","targetHints":{"allow":["GET"]}}],"collection":[{"href":"https:\/\/aristatranslations.com\/es\/wp-json\/wp\/v2\/pages"}],"about":[{"href":"https:\/\/aristatranslations.com\/es\/wp-json\/wp\/v2\/types\/page"}],"author":[{"embeddable":true,"href":"https:\/\/aristatranslations.com\/es\/wp-json\/wp\/v2\/users\/1"}],"replies":[{"embeddable":true,"href":"https:\/\/aristatranslations.com\/es\/wp-json\/wp\/v2\/comments?post=1123"}],"version-history":[{"count":16,"href":"https:\/\/aristatranslations.com\/es\/wp-json\/wp\/v2\/pages\/1123\/revisions"}],"predecessor-version":[{"id":1816,"href":"https:\/\/aristatranslations.com\/es\/wp-json\/wp\/v2\/pages\/1123\/revisions\/1816"}],"wp:attachment":[{"href":"https:\/\/aristatranslations.com\/es\/wp-json\/wp\/v2\/media?parent=1123"}],"curies":[{"name":"wp","href":"https:\/\/api.w.org\/{rel}","templated":true}]}}