{"id":1115,"date":"2025-09-04T21:25:13","date_gmt":"2025-09-05T00:25:13","guid":{"rendered":"https:\/\/aristatranslations.com\/?page_id=1115"},"modified":"2025-09-15T18:32:04","modified_gmt":"2025-09-15T21:32:04","slug":"language-consulting-services","status":"publish","type":"page","link":"https:\/\/aristatranslations.com\/es\/language-consulting-services\/","title":{"rendered":"Servicios de consultor\u00eda ling\u00fc\u00edstica"},"content":{"rendered":"<div data-elementor-type=\"wp-page\" data-elementor-id=\"1115\" class=\"elementor elementor-1115\" data-elementor-post-type=\"page\">\n\t\t\t\t<div class=\"elementor-element elementor-element-62afa60 e-con-full e-flex e-con e-parent\" data-id=\"62afa60\" data-element_type=\"container\" data-settings=\"{&quot;background_background&quot;:&quot;classic&quot;}\">\n\t\t<div class=\"elementor-element elementor-element-60fb349 e-con-full e-flex e-con e-child\" data-id=\"60fb349\" data-element_type=\"container\">\n\t\t<div class=\"elementor-element elementor-element-babd52a e-con-full e-flex e-con e-child\" data-id=\"babd52a\" data-element_type=\"container\" data-settings=\"{&quot;background_background&quot;:&quot;classic&quot;}\">\n\t\t\t\t<div class=\"elementor-element elementor-element-1a2a3f4 elementor-widget elementor-widget-image\" data-id=\"1a2a3f4\" data-element_type=\"widget\" data-settings=\"{&quot;sticky&quot;:&quot;top&quot;,&quot;sticky_on&quot;:[&quot;desktop&quot;],&quot;sticky_offset_tablet&quot;:450,&quot;sticky_parent&quot;:&quot;yes&quot;,&quot;sticky_offset&quot;:0,&quot;sticky_effects_offset&quot;:0,&quot;sticky_anchor_link_offset&quot;:0}\" data-widget_type=\"image.default\">\n\t\t\t\t<div class=\"elementor-widget-container\">\n\t\t\t\t\t\t\t\t\t\t\t\t\t\t\t<img fetchpriority=\"high\" decoding=\"async\" width=\"800\" height=\"534\" src=\"https:\/\/aristatranslations.com\/wp-content\/uploads\/2025\/09\/LanguageConsultingServices-1024x683.webp\" class=\"attachment-large size-large wp-image-1020\" alt=\"Language Consulting Services\" srcset=\"https:\/\/aristatranslations.com\/wp-content\/uploads\/2025\/09\/LanguageConsultingServices-1024x683.webp 1024w, https:\/\/aristatranslations.com\/wp-content\/uploads\/2025\/09\/LanguageConsultingServices-300x200.webp 300w, https:\/\/aristatranslations.com\/wp-content\/uploads\/2025\/09\/LanguageConsultingServices-768x512.webp 768w, https:\/\/aristatranslations.com\/wp-content\/uploads\/2025\/09\/LanguageConsultingServices-1536x1024.webp 1536w, https:\/\/aristatranslations.com\/wp-content\/uploads\/2025\/09\/LanguageConsultingServices-2048x1365.webp 2048w\" sizes=\"(max-width: 800px) 100vw, 800px\" \/>\t\t\t\t\t\t\t\t\t\t\t\t\t\t\t<\/div>\n\t\t\t\t<\/div>\n\t\t\t\t<\/div>\n\t\t<div class=\"elementor-element elementor-element-939efc9 e-con-full e-flex e-con e-child\" data-id=\"939efc9\" data-element_type=\"container\">\n\t\t\t\t<div class=\"elementor-element elementor-element-82bf28e elementor-widget elementor-widget-heading\" data-id=\"82bf28e\" data-element_type=\"widget\" data-widget_type=\"heading.default\">\n\t\t\t\t<div class=\"elementor-widget-container\">\n\t\t\t\t\t<h1 class=\"elementor-heading-title elementor-size-default\">Servicios de consultor\u00eda ling\u00fc\u00edstica<\/h1>\t\t\t\t<\/div>\n\t\t\t\t<\/div>\n\t\t\t\t<div class=\"elementor-element elementor-element-9f0c90e elementor-widget elementor-widget-heading\" data-id=\"9f0c90e\" data-element_type=\"widget\" data-widget_type=\"heading.default\">\n\t\t\t\t<div class=\"elementor-widget-container\">\n\t\t\t\t\t<p class=\"elementor-heading-title elementor-size-default\">Transformamos mensajes cr\u00edticos en comunicaci\u00f3n estrat\u00e9gica y multiling\u00fce<\/p>\t\t\t\t<\/div>\n\t\t\t\t<\/div>\n\t\t\t\t<div class=\"elementor-element elementor-element-26cf580 elementor-widget elementor-widget-heading\" data-id=\"26cf580\" data-element_type=\"widget\" data-widget_type=\"heading.default\">\n\t\t\t\t<div class=\"elementor-widget-container\">\n\t\t\t\t\t<p class=\"elementor-heading-title elementor-size-default\">La comunicaci\u00f3n efectiva requiere m\u00e1s que palabras precisas: necesita exactitud, coherencia y adecuaci\u00f3n cultural. Este servicio de consultor\u00eda asegura que las decisiones ling\u00fc\u00edsticas est\u00e9n alineadas con la voz de nuestros clientes, los requisitos regulatorios y las expectativas de las audiencias, para que los mensajes sean confiables en distintos mercados y canales. Es ideal para entornos corporativos, institucionales y del tercer sector, donde la claridad y la consistencia son fundamentales.<\/p>\t\t\t\t<\/div>\n\t\t\t\t<\/div>\n\t\t\t\t<div class=\"elementor-element elementor-element-9d894f7 elementor-widget elementor-widget-heading\" data-id=\"9d894f7\" data-element_type=\"widget\" data-widget_type=\"heading.default\">\n\t\t\t\t<div class=\"elementor-widget-container\">\n\t\t\t\t\t<p class=\"elementor-heading-title elementor-size-default\">Nuestras consultor\u00edas suelen combinar la revisi\u00f3n de contenidos con orientaci\u00f3n pr\u00e1ctica para equipos. Los entregables ayudan a estandarizar tono, terminolog\u00eda y estructura en \u00e1reas como marketing, legal, RR. HH. y atenci\u00f3n al cliente, de modo que cada equipo se comunique con est\u00e1ndares internacionales.<\/p>\t\t\t\t<\/div>\n\t\t\t\t<\/div>\n\t\t\t\t<div class=\"elementor-element elementor-element-a498b41 elementor-widget elementor-widget-heading\" data-id=\"a498b41\" data-element_type=\"widget\" data-widget_type=\"heading.default\">\n\t\t\t\t<div class=\"elementor-widget-container\">\n\t\t\t\t\t<p class=\"elementor-heading-title elementor-size-default\">Este servicio incluye:<\/p>\t\t\t\t<\/div>\n\t\t\t\t<\/div>\n\t\t<div class=\"elementor-element elementor-element-2346216 e-con-full e-flex elementor-invisible e-con e-child\" data-id=\"2346216\" data-element_type=\"container\" data-settings=\"{&quot;animation&quot;:&quot;fadeInUp&quot;}\">\n\t\t\t\t<div class=\"elementor-element elementor-element-06f7296 elementor-widget elementor-widget-image\" data-id=\"06f7296\" data-element_type=\"widget\" data-widget_type=\"image.default\">\n\t\t\t\t<div class=\"elementor-widget-container\">\n\t\t\t\t\t\t\t\t\t\t\t\t\t\t\t<img decoding=\"async\" width=\"800\" height=\"836\" src=\"https:\/\/aristatranslations.com\/wp-content\/uploads\/2025\/09\/bulletServices-980x1024.webp\" class=\"attachment-large size-large wp-image-997\" alt=\"\u00cdcono de Arista Translations and Language Solutions en color verde con detalle en ocre sobre c\u00edrculo blanco para ser usado como bullet\" srcset=\"https:\/\/aristatranslations.com\/wp-content\/uploads\/2025\/09\/bulletServices-980x1024.webp 980w, https:\/\/aristatranslations.com\/wp-content\/uploads\/2025\/09\/bulletServices-287x300.webp 287w, https:\/\/aristatranslations.com\/wp-content\/uploads\/2025\/09\/bulletServices-768x802.webp 768w, https:\/\/aristatranslations.com\/wp-content\/uploads\/2025\/09\/bulletServices-1470x1536.webp 1470w, https:\/\/aristatranslations.com\/wp-content\/uploads\/2025\/09\/bulletServices-1960x2048.webp 1960w\" sizes=\"(max-width: 800px) 100vw, 800px\" \/>\t\t\t\t\t\t\t\t\t\t\t\t\t\t\t<\/div>\n\t\t\t\t<\/div>\n\t\t\t\t<div class=\"elementor-element elementor-element-de6631f elementor-widget-mobile__width-initial elementor-widget__width-initial elementor-widget elementor-widget-heading\" data-id=\"de6631f\" data-element_type=\"widget\" data-widget_type=\"heading.default\">\n\t\t\t\t<div class=\"elementor-widget-container\">\n\t\t\t\t\t<h6 class=\"elementor-heading-title elementor-size-default\">Consultor\u00eda terminol\u00f3gica y cultural para adaptar tono, vocabulario y registro a cada mercado y audiencia.<\/h6>\t\t\t\t<\/div>\n\t\t\t\t<\/div>\n\t\t\t\t<\/div>\n\t\t<div class=\"elementor-element elementor-element-d979b81 e-con-full e-flex elementor-invisible e-con e-child\" data-id=\"d979b81\" data-element_type=\"container\" data-settings=\"{&quot;animation&quot;:&quot;fadeInUp&quot;}\">\n\t\t\t\t<div class=\"elementor-element elementor-element-1a331a8 elementor-widget elementor-widget-image\" data-id=\"1a331a8\" data-element_type=\"widget\" data-widget_type=\"image.default\">\n\t\t\t\t<div class=\"elementor-widget-container\">\n\t\t\t\t\t\t\t\t\t\t\t\t\t\t\t<img decoding=\"async\" width=\"800\" height=\"836\" src=\"https:\/\/aristatranslations.com\/wp-content\/uploads\/2025\/09\/bulletServices-980x1024.webp\" class=\"attachment-large size-large wp-image-997\" alt=\"\u00cdcono de Arista Translations and Language Solutions en color verde con detalle en ocre sobre c\u00edrculo blanco para ser usado como bullet\" srcset=\"https:\/\/aristatranslations.com\/wp-content\/uploads\/2025\/09\/bulletServices-980x1024.webp 980w, https:\/\/aristatranslations.com\/wp-content\/uploads\/2025\/09\/bulletServices-287x300.webp 287w, https:\/\/aristatranslations.com\/wp-content\/uploads\/2025\/09\/bulletServices-768x802.webp 768w, https:\/\/aristatranslations.com\/wp-content\/uploads\/2025\/09\/bulletServices-1470x1536.webp 1470w, https:\/\/aristatranslations.com\/wp-content\/uploads\/2025\/09\/bulletServices-1960x2048.webp 1960w\" sizes=\"(max-width: 800px) 100vw, 800px\" \/>\t\t\t\t\t\t\t\t\t\t\t\t\t\t\t<\/div>\n\t\t\t\t<\/div>\n\t\t\t\t<div class=\"elementor-element elementor-element-fb2a727 elementor-widget-mobile__width-initial elementor-widget__width-initial elementor-widget elementor-widget-heading\" data-id=\"fb2a727\" data-element_type=\"widget\" data-widget_type=\"heading.default\">\n\t\t\t\t<div class=\"elementor-widget-container\">\n\t\t\t\t\t<h6 class=\"elementor-heading-title elementor-size-default\">Desarrollo de glosarios multiling\u00fces y gu\u00edas de estilo alineados con las necesidades de nuestros clientes y con requisitos normativos.<\/h6>\t\t\t\t<\/div>\n\t\t\t\t<\/div>\n\t\t\t\t<\/div>\n\t\t<div class=\"elementor-element elementor-element-e063492 e-con-full e-flex elementor-invisible e-con e-child\" data-id=\"e063492\" data-element_type=\"container\" data-settings=\"{&quot;animation&quot;:&quot;fadeInUp&quot;}\">\n\t\t\t\t<div class=\"elementor-element elementor-element-27af6e9 elementor-widget elementor-widget-image\" data-id=\"27af6e9\" data-element_type=\"widget\" data-widget_type=\"image.default\">\n\t\t\t\t<div class=\"elementor-widget-container\">\n\t\t\t\t\t\t\t\t\t\t\t\t\t\t\t<img decoding=\"async\" width=\"800\" height=\"836\" src=\"https:\/\/aristatranslations.com\/wp-content\/uploads\/2025\/09\/bulletServices-980x1024.webp\" class=\"attachment-large size-large wp-image-997\" alt=\"\u00cdcono de Arista Translations and Language Solutions en color verde con detalle en ocre sobre c\u00edrculo blanco para ser usado como bullet\" srcset=\"https:\/\/aristatranslations.com\/wp-content\/uploads\/2025\/09\/bulletServices-980x1024.webp 980w, https:\/\/aristatranslations.com\/wp-content\/uploads\/2025\/09\/bulletServices-287x300.webp 287w, https:\/\/aristatranslations.com\/wp-content\/uploads\/2025\/09\/bulletServices-768x802.webp 768w, https:\/\/aristatranslations.com\/wp-content\/uploads\/2025\/09\/bulletServices-1470x1536.webp 1470w, https:\/\/aristatranslations.com\/wp-content\/uploads\/2025\/09\/bulletServices-1960x2048.webp 1960w\" sizes=\"(max-width: 800px) 100vw, 800px\" \/>\t\t\t\t\t\t\t\t\t\t\t\t\t\t\t<\/div>\n\t\t\t\t<\/div>\n\t\t\t\t<div class=\"elementor-element elementor-element-73ee6d6 elementor-widget-mobile__width-initial elementor-widget__width-initial elementor-widget elementor-widget-heading\" data-id=\"73ee6d6\" data-element_type=\"widget\" data-widget_type=\"heading.default\">\n\t\t\t\t<div class=\"elementor-widget-container\">\n\t\t\t\t\t<h6 class=\"elementor-heading-title elementor-size-default\">Auditor\u00edas ling\u00fc\u00edsticas de materiales existentes con planes de mejora accionables y correcciones priorizadas.<\/h6>\t\t\t\t<\/div>\n\t\t\t\t<\/div>\n\t\t\t\t<\/div>\n\t\t<div class=\"elementor-element elementor-element-0982428 e-con-full e-flex elementor-invisible e-con e-child\" data-id=\"0982428\" data-element_type=\"container\" data-settings=\"{&quot;animation&quot;:&quot;fadeInUp&quot;}\">\n\t\t\t\t<div class=\"elementor-element elementor-element-46c48ee elementor-widget elementor-widget-image\" data-id=\"46c48ee\" data-element_type=\"widget\" data-widget_type=\"image.default\">\n\t\t\t\t<div class=\"elementor-widget-container\">\n\t\t\t\t\t\t\t\t\t\t\t\t\t\t\t<img decoding=\"async\" width=\"800\" height=\"836\" src=\"https:\/\/aristatranslations.com\/wp-content\/uploads\/2025\/09\/bulletServices-980x1024.webp\" class=\"attachment-large size-large wp-image-997\" alt=\"\u00cdcono de Arista Translations and Language Solutions en color verde con detalle en ocre sobre c\u00edrculo blanco para ser usado como bullet\" srcset=\"https:\/\/aristatranslations.com\/wp-content\/uploads\/2025\/09\/bulletServices-980x1024.webp 980w, https:\/\/aristatranslations.com\/wp-content\/uploads\/2025\/09\/bulletServices-287x300.webp 287w, https:\/\/aristatranslations.com\/wp-content\/uploads\/2025\/09\/bulletServices-768x802.webp 768w, https:\/\/aristatranslations.com\/wp-content\/uploads\/2025\/09\/bulletServices-1470x1536.webp 1470w, https:\/\/aristatranslations.com\/wp-content\/uploads\/2025\/09\/bulletServices-1960x2048.webp 1960w\" sizes=\"(max-width: 800px) 100vw, 800px\" \/>\t\t\t\t\t\t\t\t\t\t\t\t\t\t\t<\/div>\n\t\t\t\t<\/div>\n\t\t\t\t<div class=\"elementor-element elementor-element-06e9529 elementor-widget-mobile__width-initial elementor-widget__width-initial elementor-widget elementor-widget-heading\" data-id=\"06e9529\" data-element_type=\"widget\" data-widget_type=\"heading.default\">\n\t\t\t\t<div class=\"elementor-widget-container\">\n\t\t\t\t\t<h6 class=\"elementor-heading-title elementor-size-default\">Edici\u00f3n y correcci\u00f3n profesional multiling\u00fce que abarca gram\u00e1tica, estilo y formato.<\/h6>\t\t\t\t<\/div>\n\t\t\t\t<\/div>\n\t\t\t\t<\/div>\n\t\t\t\t<div class=\"elementor-element elementor-element-c2417b6 elementor-widget elementor-widget-heading\" data-id=\"c2417b6\" data-element_type=\"widget\" data-widget_type=\"heading.default\">\n\t\t\t\t<div class=\"elementor-widget-container\">\n\t\t\t\t\t<p class=\"elementor-heading-title elementor-size-default translation-block\"><strong>Resultado esperado:<\/strong> comunicaci\u00f3n coherente y alineada a los objetivos de cada cliente, eficaz en diversos idiomas y regiones.<\/p>\t\t\t\t<\/div>\n\t\t\t\t<\/div>\n\t\t<div class=\"elementor-element elementor-element-4b16aca e-con-full e-flex e-con e-child\" data-id=\"4b16aca\" data-element_type=\"container\">\n\t\t<div class=\"elementor-element elementor-element-5a463da e-con-full e-flex e-con e-child\" data-id=\"5a463da\" data-element_type=\"container\">\n\t\t\t\t<div class=\"elementor-element elementor-element-4f3f489 elementor-mobile-align-justify elementor-widget-mobile__width-initial elementor-align-justify elementor-invisible elementor-widget elementor-widget-button\" data-id=\"4f3f489\" data-element_type=\"widget\" data-settings=\"{&quot;_animation&quot;:&quot;fadeInLeft&quot;}\" data-widget_type=\"button.default\">\n\t\t\t\t<div class=\"elementor-widget-container\">\n\t\t\t\t\t\t\t\t\t<div class=\"elementor-button-wrapper\">\n\t\t\t\t\t<a class=\"elementor-button elementor-button-link elementor-size-sm\" href=\"https:\/\/aristatranslations.com\/es\/quote\/\">\n\t\t\t\t\t\t<span class=\"elementor-button-content-wrapper\">\n\t\t\t\t\t\t\t\t\t<span class=\"elementor-button-text\">Cont\u00e1ctenos<\/span>\n\t\t\t\t\t<\/span>\n\t\t\t\t\t<\/a>\n\t\t\t\t<\/div>\n\t\t\t\t\t\t\t\t<\/div>\n\t\t\t\t<\/div>\n\t\t\t\t<\/div>\n\t\t<div class=\"elementor-element elementor-element-7fc2fdd e-con-full e-flex e-con e-child\" data-id=\"7fc2fdd\" data-element_type=\"container\">\n\t\t\t\t<div class=\"elementor-element elementor-element-a735878 elementor-mobile-align-justify elementor-widget-mobile__width-initial elementor-align-justify elementor-invisible elementor-widget elementor-widget-button\" data-id=\"a735878\" data-element_type=\"widget\" data-settings=\"{&quot;_animation&quot;:&quot;fadeInRight&quot;}\" data-widget_type=\"button.default\">\n\t\t\t\t<div class=\"elementor-widget-container\">\n\t\t\t\t\t\t\t\t\t<div class=\"elementor-button-wrapper\">\n\t\t\t\t\t<a class=\"elementor-button elementor-button-link elementor-size-sm\" href=\"https:\/\/aristatranslations.com\/es\/services\/\">\n\t\t\t\t\t\t<span class=\"elementor-button-content-wrapper\">\n\t\t\t\t\t\t\t\t\t<span class=\"elementor-button-text\">Volver a Servicios<\/span>\n\t\t\t\t\t<\/span>\n\t\t\t\t\t<\/a>\n\t\t\t\t<\/div>\n\t\t\t\t\t\t\t\t<\/div>\n\t\t\t\t<\/div>\n\t\t\t\t<\/div>\n\t\t\t\t<\/div>\n\t\t\t\t<\/div>\n\t\t\t\t<\/div>\n\t\t\t\t<\/div>\n\t\t\t\t<\/div>","protected":false},"excerpt":{"rendered":"<p>Language Consulting Services Turning Complex Messages Into Strategic, Multilingual Communication Effective communication requires more than accurate wording; it demands precision, coherence, and cultural fit. This consulting service aligns language choices with brand voice, regulatory requirements, and audience expectations so that messages are reliable across markets and channels. It is suitable for corporate, institutional, and nonprofit [&hellip;]<\/p>","protected":false},"author":1,"featured_media":0,"parent":0,"menu_order":0,"comment_status":"closed","ping_status":"closed","template":"elementor_header_footer","meta":{"footnotes":""},"class_list":["post-1115","page","type-page","status-publish","hentry"],"yoast_head":"<!-- This site is optimized with the Yoast SEO plugin v26.7 - https:\/\/yoast.com\/wordpress\/plugins\/seo\/ -->\n<title>Language Consulting Services - Arista<\/title>\n<meta name=\"description\" content=\"Strategic language consulting to ensure precise, coherent, and culturally aligned communication across corporate and institutional contexts.\" \/>\n<meta name=\"robots\" content=\"index, follow, max-snippet:-1, max-image-preview:large, max-video-preview:-1\" \/>\n<link rel=\"canonical\" href=\"https:\/\/aristatranslations.com\/es\/language-consulting-services\/\" \/>\n<meta property=\"og:locale\" content=\"es_ES\" \/>\n<meta property=\"og:type\" content=\"article\" \/>\n<meta property=\"og:title\" content=\"Language Consulting Services\" \/>\n<meta property=\"og:description\" content=\"Strategic language consulting to ensure precise, coherent, and culturally aligned communication across corporate and institutional contexts.\" \/>\n<meta property=\"og:url\" content=\"https:\/\/aristatranslations.com\/es\/language-consulting-services\/\" \/>\n<meta property=\"og:site_name\" content=\"Arista\" \/>\n<meta property=\"article:modified_time\" content=\"2025-09-15T21:32:04+00:00\" \/>\n<meta property=\"og:image\" content=\"http:\/\/aristatranslations.com\/wp-content\/uploads\/2025\/08\/cropped-LogoArista-1.webp\" \/>\n\t<meta property=\"og:image:width\" content=\"2116\" \/>\n\t<meta property=\"og:image:height\" content=\"2135\" \/>\n\t<meta property=\"og:image:type\" content=\"image\/webp\" \/>\n<meta name=\"twitter:card\" content=\"summary_large_image\" \/>\n<meta name=\"twitter:label1\" content=\"Tiempo de lectura\" \/>\n\t<meta name=\"twitter:data1\" content=\"2 minutos\" \/>\n<script type=\"application\/ld+json\" class=\"yoast-schema-graph\">{\"@context\":\"https:\/\/schema.org\",\"@graph\":[{\"@type\":\"WebPage\",\"@id\":\"https:\/\/aristatranslations.com\/language-consulting-services\/\",\"url\":\"https:\/\/aristatranslations.com\/language-consulting-services\/\",\"name\":\"Language Consulting Services - Arista\",\"isPartOf\":{\"@id\":\"https:\/\/aristatranslations.com\/#website\"},\"primaryImageOfPage\":{\"@id\":\"https:\/\/aristatranslations.com\/language-consulting-services\/#primaryimage\"},\"image\":{\"@id\":\"https:\/\/aristatranslations.com\/language-consulting-services\/#primaryimage\"},\"thumbnailUrl\":\"http:\/\/aristatranslations.com\/wp-content\/uploads\/2025\/09\/LanguageConsultingServices-1024x683.webp\",\"datePublished\":\"2025-09-05T00:25:13+00:00\",\"dateModified\":\"2025-09-15T21:32:04+00:00\",\"description\":\"Strategic language consulting to ensure precise, coherent, and culturally aligned communication across corporate and institutional contexts.\",\"breadcrumb\":{\"@id\":\"https:\/\/aristatranslations.com\/language-consulting-services\/#breadcrumb\"},\"inLanguage\":\"es\",\"potentialAction\":[{\"@type\":\"ReadAction\",\"target\":[\"https:\/\/aristatranslations.com\/language-consulting-services\/\"]}]},{\"@type\":\"ImageObject\",\"inLanguage\":\"es\",\"@id\":\"https:\/\/aristatranslations.com\/language-consulting-services\/#primaryimage\",\"url\":\"http:\/\/aristatranslations.com\/wp-content\/uploads\/2025\/09\/LanguageConsultingServices-1024x683.webp\",\"contentUrl\":\"http:\/\/aristatranslations.com\/wp-content\/uploads\/2025\/09\/LanguageConsultingServices-1024x683.webp\"},{\"@type\":\"BreadcrumbList\",\"@id\":\"https:\/\/aristatranslations.com\/language-consulting-services\/#breadcrumb\",\"itemListElement\":[{\"@type\":\"ListItem\",\"position\":1,\"name\":\"Inicio\",\"item\":\"https:\/\/aristatranslations.com\/\"},{\"@type\":\"ListItem\",\"position\":2,\"name\":\"Language Consulting Services\"}]},{\"@type\":\"WebSite\",\"@id\":\"https:\/\/aristatranslations.com\/#website\",\"url\":\"https:\/\/aristatranslations.com\/\",\"name\":\"Arista\",\"description\":\"Translations &amp; Language Solutions\",\"publisher\":{\"@id\":\"https:\/\/aristatranslations.com\/#organization\"},\"potentialAction\":[{\"@type\":\"SearchAction\",\"target\":{\"@type\":\"EntryPoint\",\"urlTemplate\":\"https:\/\/aristatranslations.com\/?s={search_term_string}\"},\"query-input\":{\"@type\":\"PropertyValueSpecification\",\"valueRequired\":true,\"valueName\":\"search_term_string\"}}],\"inLanguage\":\"es\"},{\"@type\":\"Organization\",\"@id\":\"https:\/\/aristatranslations.com\/#organization\",\"name\":\"Arista Translations & Language Solutions\",\"url\":\"https:\/\/aristatranslations.com\/\",\"logo\":{\"@type\":\"ImageObject\",\"inLanguage\":\"es\",\"@id\":\"https:\/\/aristatranslations.com\/#\/schema\/logo\/image\/\",\"url\":\"https:\/\/aristatranslations.com\/wp-content\/uploads\/2025\/08\/cropped-LogoArista-1.webp\",\"contentUrl\":\"https:\/\/aristatranslations.com\/wp-content\/uploads\/2025\/08\/cropped-LogoArista-1.webp\",\"width\":2116,\"height\":2135,\"caption\":\"Arista Translations & Language Solutions\"},\"image\":{\"@id\":\"https:\/\/aristatranslations.com\/#\/schema\/logo\/image\/\"},\"sameAs\":[\"https:\/\/www.instagram.com\/aristatranslations\/\",\"https:\/\/www.linkedin.com\/company\/arista-translations-language-solutions\/\"]}]}<\/script>\n<!-- \/ Yoast SEO plugin. -->","yoast_head_json":{"title":"Language Consulting Services - Arista","description":"Strategic language consulting to ensure precise, coherent, and culturally aligned communication across corporate and institutional contexts.","robots":{"index":"index","follow":"follow","max-snippet":"max-snippet:-1","max-image-preview":"max-image-preview:large","max-video-preview":"max-video-preview:-1"},"canonical":"https:\/\/aristatranslations.com\/es\/language-consulting-services\/","og_locale":"es_ES","og_type":"article","og_title":"Language Consulting Services","og_description":"Strategic language consulting to ensure precise, coherent, and culturally aligned communication across corporate and institutional contexts.","og_url":"https:\/\/aristatranslations.com\/es\/language-consulting-services\/","og_site_name":"Arista","article_modified_time":"2025-09-15T21:32:04+00:00","og_image":[{"width":2116,"height":2135,"url":"http:\/\/aristatranslations.com\/wp-content\/uploads\/2025\/08\/cropped-LogoArista-1.webp","type":"image\/webp"}],"twitter_card":"summary_large_image","twitter_misc":{"Tiempo de lectura":"2 minutos"},"schema":{"@context":"https:\/\/schema.org","@graph":[{"@type":"WebPage","@id":"https:\/\/aristatranslations.com\/language-consulting-services\/","url":"https:\/\/aristatranslations.com\/language-consulting-services\/","name":"Language Consulting Services - Arista","isPartOf":{"@id":"https:\/\/aristatranslations.com\/#website"},"primaryImageOfPage":{"@id":"https:\/\/aristatranslations.com\/language-consulting-services\/#primaryimage"},"image":{"@id":"https:\/\/aristatranslations.com\/language-consulting-services\/#primaryimage"},"thumbnailUrl":"http:\/\/aristatranslations.com\/wp-content\/uploads\/2025\/09\/LanguageConsultingServices-1024x683.webp","datePublished":"2025-09-05T00:25:13+00:00","dateModified":"2025-09-15T21:32:04+00:00","description":"Strategic language consulting to ensure precise, coherent, and culturally aligned communication across corporate and institutional contexts.","breadcrumb":{"@id":"https:\/\/aristatranslations.com\/language-consulting-services\/#breadcrumb"},"inLanguage":"es","potentialAction":[{"@type":"ReadAction","target":["https:\/\/aristatranslations.com\/language-consulting-services\/"]}]},{"@type":"ImageObject","inLanguage":"es","@id":"https:\/\/aristatranslations.com\/language-consulting-services\/#primaryimage","url":"http:\/\/aristatranslations.com\/wp-content\/uploads\/2025\/09\/LanguageConsultingServices-1024x683.webp","contentUrl":"http:\/\/aristatranslations.com\/wp-content\/uploads\/2025\/09\/LanguageConsultingServices-1024x683.webp"},{"@type":"BreadcrumbList","@id":"https:\/\/aristatranslations.com\/language-consulting-services\/#breadcrumb","itemListElement":[{"@type":"ListItem","position":1,"name":"Inicio","item":"https:\/\/aristatranslations.com\/"},{"@type":"ListItem","position":2,"name":"Language Consulting Services"}]},{"@type":"WebSite","@id":"https:\/\/aristatranslations.com\/#website","url":"https:\/\/aristatranslations.com\/","name":"Arista?","description":"Translations &amp; Language Solutions","publisher":{"@id":"https:\/\/aristatranslations.com\/#organization"},"potentialAction":[{"@type":"SearchAction","target":{"@type":"EntryPoint","urlTemplate":"https:\/\/aristatranslations.com\/?s={search_term_string}"},"query-input":{"@type":"PropertyValueSpecification","valueRequired":true,"valueName":"search_term_string"}}],"inLanguage":"es"},{"@type":"Organization","@id":"https:\/\/aristatranslations.com\/#organization","name":"Arista Translations & Language Solutions","url":"https:\/\/aristatranslations.com\/","logo":{"@type":"ImageObject","inLanguage":"es","@id":"https:\/\/aristatranslations.com\/#\/schema\/logo\/image\/","url":"https:\/\/aristatranslations.com\/wp-content\/uploads\/2025\/08\/cropped-LogoArista-1.webp","contentUrl":"https:\/\/aristatranslations.com\/wp-content\/uploads\/2025\/08\/cropped-LogoArista-1.webp","width":2116,"height":2135,"caption":"Arista Translations & Language Solutions"},"image":{"@id":"https:\/\/aristatranslations.com\/#\/schema\/logo\/image\/"},"sameAs":["https:\/\/www.instagram.com\/aristatranslations\/","https:\/\/www.linkedin.com\/company\/arista-translations-language-solutions\/"]}]}},"_links":{"self":[{"href":"https:\/\/aristatranslations.com\/es\/wp-json\/wp\/v2\/pages\/1115","targetHints":{"allow":["GET"]}}],"collection":[{"href":"https:\/\/aristatranslations.com\/es\/wp-json\/wp\/v2\/pages"}],"about":[{"href":"https:\/\/aristatranslations.com\/es\/wp-json\/wp\/v2\/types\/page"}],"author":[{"embeddable":true,"href":"https:\/\/aristatranslations.com\/es\/wp-json\/wp\/v2\/users\/1"}],"replies":[{"embeddable":true,"href":"https:\/\/aristatranslations.com\/es\/wp-json\/wp\/v2\/comments?post=1115"}],"version-history":[{"count":16,"href":"https:\/\/aristatranslations.com\/es\/wp-json\/wp\/v2\/pages\/1115\/revisions"}],"predecessor-version":[{"id":1813,"href":"https:\/\/aristatranslations.com\/es\/wp-json\/wp\/v2\/pages\/1115\/revisions\/1813"}],"wp:attachment":[{"href":"https:\/\/aristatranslations.com\/es\/wp-json\/wp\/v2\/media?parent=1115"}],"curies":[{"name":"wp","href":"https:\/\/api.w.org\/{rel}","templated":true}]}}