{"id":1099,"date":"2025-09-04T21:20:52","date_gmt":"2025-09-05T00:20:52","guid":{"rendered":"https:\/\/aristatranslations.com\/?page_id=1099"},"modified":"2025-09-15T18:31:34","modified_gmt":"2025-09-15T21:31:34","slug":"hiring-hr-document-review","status":"publish","type":"page","link":"https:\/\/aristatranslations.com\/es\/hiring-hr-document-review\/","title":{"rendered":"Hiring &#038; HR Document Review"},"content":{"rendered":"<div data-elementor-type=\"wp-page\" data-elementor-id=\"1099\" class=\"elementor elementor-1099\" data-elementor-post-type=\"page\">\n\t\t\t\t<div class=\"elementor-element elementor-element-62afa60 e-con-full e-flex e-con e-parent\" data-id=\"62afa60\" data-element_type=\"container\" data-settings=\"{&quot;background_background&quot;:&quot;classic&quot;}\">\n\t\t<div class=\"elementor-element elementor-element-60fb349 e-con-full e-flex e-con e-child\" data-id=\"60fb349\" data-element_type=\"container\">\n\t\t<div class=\"elementor-element elementor-element-babd52a e-con-full e-flex e-con e-child\" data-id=\"babd52a\" data-element_type=\"container\" data-settings=\"{&quot;background_background&quot;:&quot;classic&quot;}\">\n\t\t\t\t<div class=\"elementor-element elementor-element-1a2a3f4 elementor-widget elementor-widget-image\" data-id=\"1a2a3f4\" data-element_type=\"widget\" data-settings=\"{&quot;sticky&quot;:&quot;top&quot;,&quot;sticky_on&quot;:[&quot;desktop&quot;],&quot;sticky_offset_tablet&quot;:450,&quot;sticky_parent&quot;:&quot;yes&quot;,&quot;sticky_offset&quot;:0,&quot;sticky_effects_offset&quot;:0,&quot;sticky_anchor_link_offset&quot;:0}\" data-widget_type=\"image.default\">\n\t\t\t\t<div class=\"elementor-widget-container\">\n\t\t\t\t\t\t\t\t\t\t\t\t\t\t\t<img fetchpriority=\"high\" decoding=\"async\" width=\"800\" height=\"534\" src=\"https:\/\/aristatranslations.com\/wp-content\/uploads\/2025\/09\/Hiring-1024x683.webp\" class=\"attachment-large size-large wp-image-1018\" alt=\"Hiring &amp; HR Document Review\" srcset=\"https:\/\/aristatranslations.com\/wp-content\/uploads\/2025\/09\/Hiring-1024x683.webp 1024w, https:\/\/aristatranslations.com\/wp-content\/uploads\/2025\/09\/Hiring-300x200.webp 300w, https:\/\/aristatranslations.com\/wp-content\/uploads\/2025\/09\/Hiring-768x512.webp 768w, https:\/\/aristatranslations.com\/wp-content\/uploads\/2025\/09\/Hiring-1536x1024.webp 1536w, https:\/\/aristatranslations.com\/wp-content\/uploads\/2025\/09\/Hiring-2048x1365.webp 2048w\" sizes=\"(max-width: 800px) 100vw, 800px\" \/>\t\t\t\t\t\t\t\t\t\t\t\t\t\t\t<\/div>\n\t\t\t\t<\/div>\n\t\t\t\t<\/div>\n\t\t<div class=\"elementor-element elementor-element-939efc9 e-con-full e-flex e-con e-child\" data-id=\"939efc9\" data-element_type=\"container\">\n\t\t\t\t<div class=\"elementor-element elementor-element-82bf28e elementor-widget elementor-widget-heading\" data-id=\"82bf28e\" data-element_type=\"widget\" data-widget_type=\"heading.default\">\n\t\t\t\t<div class=\"elementor-widget-container\">\n\t\t\t\t\t<h1 class=\"elementor-heading-title elementor-size-default\">Revisi\u00f3n de documentos de RR. HH. y de contrataci\u00f3n<\/h1>\t\t\t\t<\/div>\n\t\t\t\t<\/div>\n\t\t\t\t<div class=\"elementor-element elementor-element-9f0c90e elementor-widget elementor-widget-heading\" data-id=\"9f0c90e\" data-element_type=\"widget\" data-widget_type=\"heading.default\">\n\t\t\t\t<div class=\"elementor-widget-container\">\n\t\t\t\t\t<p class=\"elementor-heading-title elementor-size-default\">Documentaci\u00f3n clara y pertinente para procesos globales de reclutamiento<\/p>\t\t\t\t<\/div>\n\t\t\t\t<\/div>\n\t\t\t\t<div class=\"elementor-element elementor-element-bd649bc elementor-widget elementor-widget-heading\" data-id=\"bd649bc\" data-element_type=\"widget\" data-widget_type=\"heading.default\">\n\t\t\t\t<div class=\"elementor-widget-container\">\n\t\t\t\t\t<p class=\"elementor-heading-title elementor-size-default\">Este servicio garantiza que los materiales dirigidos a candidatos y los documentos internos de RR. HH. sean claros, profesionales y est\u00e9n alineados con las expectativas legales y regulatorias de nuestros clientes en distintos mercados. Facilita las b\u00fasquedas internacionales y la integraci\u00f3n de colaboradores en equipos multinacionales al estandarizar idioma, estructura y terminolog\u00eda, de modo que los contenidos resulten comprensibles y adecuados en diferentes regiones.<\/p>\t\t\t\t<\/div>\n\t\t\t\t<\/div>\n\t\t\t\t<div class=\"elementor-element elementor-element-26cf580 elementor-widget elementor-widget-heading\" data-id=\"26cf580\" data-element_type=\"widget\" data-widget_type=\"heading.default\">\n\t\t\t\t<div class=\"elementor-widget-container\">\n\t\t\t\t\t<p class=\"elementor-heading-title elementor-size-default\">Los flujos de trabajo incluyen armonizaci\u00f3n de estilo y tono, adaptaci\u00f3n terminol\u00f3gica por mercado, redacci\u00f3n en lenguaje claro, controles de consistencia (nombres, cargos, fechas y formatos) y optimizaci\u00f3n de metadatos y legibilidad para sistemas de seguimiento de candidatos (ATS, Applicant Tracking System) e intranets corporativas. <\/p>\t\t\t\t<\/div>\n\t\t\t\t<\/div>\n\t\t\t\t<div class=\"elementor-element elementor-element-a498b41 elementor-widget elementor-widget-heading\" data-id=\"a498b41\" data-element_type=\"widget\" data-widget_type=\"heading.default\">\n\t\t\t\t<div class=\"elementor-widget-container\">\n\t\t\t\t\t<p class=\"elementor-heading-title elementor-size-default\">Este servicio incluye:<\/p>\t\t\t\t<\/div>\n\t\t\t\t<\/div>\n\t\t<div class=\"elementor-element elementor-element-2346216 e-con-full e-flex elementor-invisible e-con e-child\" data-id=\"2346216\" data-element_type=\"container\" data-settings=\"{&quot;animation&quot;:&quot;fadeInUp&quot;}\">\n\t\t\t\t<div class=\"elementor-element elementor-element-06f7296 elementor-widget elementor-widget-image\" data-id=\"06f7296\" data-element_type=\"widget\" data-widget_type=\"image.default\">\n\t\t\t\t<div class=\"elementor-widget-container\">\n\t\t\t\t\t\t\t\t\t\t\t\t\t\t\t<img decoding=\"async\" width=\"800\" height=\"836\" src=\"https:\/\/aristatranslations.com\/wp-content\/uploads\/2025\/09\/bulletServices-980x1024.webp\" class=\"attachment-large size-large wp-image-997\" alt=\"\u00cdcono de Arista Translations and Language Solutions en color verde con detalle en ocre sobre c\u00edrculo blanco para ser usado como bullet\" srcset=\"https:\/\/aristatranslations.com\/wp-content\/uploads\/2025\/09\/bulletServices-980x1024.webp 980w, https:\/\/aristatranslations.com\/wp-content\/uploads\/2025\/09\/bulletServices-287x300.webp 287w, https:\/\/aristatranslations.com\/wp-content\/uploads\/2025\/09\/bulletServices-768x802.webp 768w, https:\/\/aristatranslations.com\/wp-content\/uploads\/2025\/09\/bulletServices-1470x1536.webp 1470w, https:\/\/aristatranslations.com\/wp-content\/uploads\/2025\/09\/bulletServices-1960x2048.webp 1960w\" sizes=\"(max-width: 800px) 100vw, 800px\" \/>\t\t\t\t\t\t\t\t\t\t\t\t\t\t\t<\/div>\n\t\t\t\t<\/div>\n\t\t\t\t<div class=\"elementor-element elementor-element-de6631f elementor-widget-mobile__width-initial elementor-widget__width-initial elementor-widget elementor-widget-heading\" data-id=\"de6631f\" data-element_type=\"widget\" data-widget_type=\"heading.default\">\n\t\t\t\t<div class=\"elementor-widget-container\">\n\t\t\t\t\t<h6 class=\"elementor-heading-title elementor-size-default translation-block\">Materiales para candidatos: edici\u00f3n de CV y cartas de presentaci\u00f3n, optimizaci\u00f3n de perfiles de LinkedIn en ingl\u00e9s y portugu\u00e9s, plantillas de correos electr\u00f3nicos para candidatos.<\/h6>\t\t\t\t<\/div>\n\t\t\t\t<\/div>\n\t\t\t\t<\/div>\n\t\t<div class=\"elementor-element elementor-element-9a858cd e-con-full e-flex elementor-invisible e-con e-child\" data-id=\"9a858cd\" data-element_type=\"container\" data-settings=\"{&quot;animation&quot;:&quot;fadeInUp&quot;}\">\n\t\t\t\t<div class=\"elementor-element elementor-element-640212f elementor-widget elementor-widget-image\" data-id=\"640212f\" data-element_type=\"widget\" data-widget_type=\"image.default\">\n\t\t\t\t<div class=\"elementor-widget-container\">\n\t\t\t\t\t\t\t\t\t\t\t\t\t\t\t<img decoding=\"async\" width=\"800\" height=\"836\" src=\"https:\/\/aristatranslations.com\/wp-content\/uploads\/2025\/09\/bulletServices-980x1024.webp\" class=\"attachment-large size-large wp-image-997\" alt=\"\u00cdcono de Arista Translations and Language Solutions en color verde con detalle en ocre sobre c\u00edrculo blanco para ser usado como bullet\" srcset=\"https:\/\/aristatranslations.com\/wp-content\/uploads\/2025\/09\/bulletServices-980x1024.webp 980w, https:\/\/aristatranslations.com\/wp-content\/uploads\/2025\/09\/bulletServices-287x300.webp 287w, https:\/\/aristatranslations.com\/wp-content\/uploads\/2025\/09\/bulletServices-768x802.webp 768w, https:\/\/aristatranslations.com\/wp-content\/uploads\/2025\/09\/bulletServices-1470x1536.webp 1470w, https:\/\/aristatranslations.com\/wp-content\/uploads\/2025\/09\/bulletServices-1960x2048.webp 1960w\" sizes=\"(max-width: 800px) 100vw, 800px\" \/>\t\t\t\t\t\t\t\t\t\t\t\t\t\t\t<\/div>\n\t\t\t\t<\/div>\n\t\t\t\t<div class=\"elementor-element elementor-element-c77d5a7 elementor-widget-mobile__width-initial elementor-widget__width-initial elementor-widget elementor-widget-heading\" data-id=\"c77d5a7\" data-element_type=\"widget\" data-widget_type=\"heading.default\">\n\t\t\t\t<div class=\"elementor-widget-container\">\n\t\t\t\t\t<h6 class=\"elementor-heading-title elementor-size-default translation-block\">Recursos para puestos y perfiles: publicaciones de vacantes, descripciones de puestos, marcos de competencias, gu\u00edas de entrevistas, matrices de evaluaci\u00f3n.<\/h6>\t\t\t\t<\/div>\n\t\t\t\t<\/div>\n\t\t\t\t<\/div>\n\t\t<div class=\"elementor-element elementor-element-ef6aea8 e-con-full e-flex elementor-invisible e-con e-child\" data-id=\"ef6aea8\" data-element_type=\"container\" data-settings=\"{&quot;animation&quot;:&quot;fadeInUp&quot;}\">\n\t\t\t\t<div class=\"elementor-element elementor-element-da70d2b elementor-widget elementor-widget-image\" data-id=\"da70d2b\" data-element_type=\"widget\" data-widget_type=\"image.default\">\n\t\t\t\t<div class=\"elementor-widget-container\">\n\t\t\t\t\t\t\t\t\t\t\t\t\t\t\t<img decoding=\"async\" width=\"800\" height=\"836\" src=\"https:\/\/aristatranslations.com\/wp-content\/uploads\/2025\/09\/bulletServices-980x1024.webp\" class=\"attachment-large size-large wp-image-997\" alt=\"\u00cdcono de Arista Translations and Language Solutions en color verde con detalle en ocre sobre c\u00edrculo blanco para ser usado como bullet\" srcset=\"https:\/\/aristatranslations.com\/wp-content\/uploads\/2025\/09\/bulletServices-980x1024.webp 980w, https:\/\/aristatranslations.com\/wp-content\/uploads\/2025\/09\/bulletServices-287x300.webp 287w, https:\/\/aristatranslations.com\/wp-content\/uploads\/2025\/09\/bulletServices-768x802.webp 768w, https:\/\/aristatranslations.com\/wp-content\/uploads\/2025\/09\/bulletServices-1470x1536.webp 1470w, https:\/\/aristatranslations.com\/wp-content\/uploads\/2025\/09\/bulletServices-1960x2048.webp 1960w\" sizes=\"(max-width: 800px) 100vw, 800px\" \/>\t\t\t\t\t\t\t\t\t\t\t\t\t\t\t<\/div>\n\t\t\t\t<\/div>\n\t\t\t\t<div class=\"elementor-element elementor-element-1e26845 elementor-widget-mobile__width-initial elementor-widget__width-initial elementor-widget elementor-widget-heading\" data-id=\"1e26845\" data-element_type=\"widget\" data-widget_type=\"heading.default\">\n\t\t\t\t<div class=\"elementor-widget-container\">\n\t\t\t\t\t<h6 class=\"elementor-heading-title elementor-size-default translation-block\">Documentos de contrataci\u00f3n e inducci\u00f3n: cartas de oferta, contratos, manuales de inducci\u00f3n, kits de bienvenida, res\u00famenes de pol\u00edticas, panoramas de beneficios.<\/h6>\t\t\t\t<\/div>\n\t\t\t\t<\/div>\n\t\t\t\t<\/div>\n\t\t<div class=\"elementor-element elementor-element-21949b7 e-con-full e-flex elementor-invisible e-con e-child\" data-id=\"21949b7\" data-element_type=\"container\" data-settings=\"{&quot;animation&quot;:&quot;fadeInUp&quot;}\">\n\t\t\t\t<div class=\"elementor-element elementor-element-6220638 elementor-widget elementor-widget-image\" data-id=\"6220638\" data-element_type=\"widget\" data-widget_type=\"image.default\">\n\t\t\t\t<div class=\"elementor-widget-container\">\n\t\t\t\t\t\t\t\t\t\t\t\t\t\t\t<img decoding=\"async\" width=\"800\" height=\"836\" src=\"https:\/\/aristatranslations.com\/wp-content\/uploads\/2025\/09\/bulletServices-980x1024.webp\" class=\"attachment-large size-large wp-image-997\" alt=\"\u00cdcono de Arista Translations and Language Solutions en color verde con detalle en ocre sobre c\u00edrculo blanco para ser usado como bullet\" srcset=\"https:\/\/aristatranslations.com\/wp-content\/uploads\/2025\/09\/bulletServices-980x1024.webp 980w, https:\/\/aristatranslations.com\/wp-content\/uploads\/2025\/09\/bulletServices-287x300.webp 287w, https:\/\/aristatranslations.com\/wp-content\/uploads\/2025\/09\/bulletServices-768x802.webp 768w, https:\/\/aristatranslations.com\/wp-content\/uploads\/2025\/09\/bulletServices-1470x1536.webp 1470w, https:\/\/aristatranslations.com\/wp-content\/uploads\/2025\/09\/bulletServices-1960x2048.webp 1960w\" sizes=\"(max-width: 800px) 100vw, 800px\" \/>\t\t\t\t\t\t\t\t\t\t\t\t\t\t\t<\/div>\n\t\t\t\t<\/div>\n\t\t\t\t<div class=\"elementor-element elementor-element-abf163d elementor-widget-mobile__width-initial elementor-widget__width-initial elementor-widget elementor-widget-heading\" data-id=\"abf163d\" data-element_type=\"widget\" data-widget_type=\"heading.default\">\n\t\t\t\t<div class=\"elementor-widget-container\">\n\t\t\t\t\t<h6 class=\"elementor-heading-title elementor-size-default translation-block\">Contenido de procesos y pol\u00edticas: manuales de empleados, Procedimientos Operativos Est\u00e1ndar (SOP), c\u00f3digos de conducta, declaraciones de Diversidad, Equidad e Inclusi\u00f3n (DEI), protocolos de seguridad.<\/h6>\t\t\t\t<\/div>\n\t\t\t\t<\/div>\n\t\t\t\t<\/div>\n\t\t\t\t<div class=\"elementor-element elementor-element-c2417b6 elementor-widget elementor-widget-heading\" data-id=\"c2417b6\" data-element_type=\"widget\" data-widget_type=\"heading.default\">\n\t\t\t\t<div class=\"elementor-widget-container\">\n\t\t\t\t\t<p class=\"elementor-heading-title elementor-size-default translation-block\"><strong>Resultado esperado:<\/strong> contenido de RR.HH. profesional y listo para publicar, que mejora la experiencia de los candidatos y reduce riesgos en diferentes mercados.<\/p>\t\t\t\t<\/div>\n\t\t\t\t<\/div>\n\t\t<div class=\"elementor-element elementor-element-4b16aca e-con-full e-flex e-con e-child\" data-id=\"4b16aca\" data-element_type=\"container\">\n\t\t<div class=\"elementor-element elementor-element-5a463da e-con-full e-flex e-con e-child\" data-id=\"5a463da\" data-element_type=\"container\">\n\t\t\t\t<div class=\"elementor-element elementor-element-4f3f489 elementor-mobile-align-justify elementor-widget-mobile__width-initial elementor-align-justify elementor-invisible elementor-widget elementor-widget-button\" data-id=\"4f3f489\" data-element_type=\"widget\" data-settings=\"{&quot;_animation&quot;:&quot;fadeInLeft&quot;}\" data-widget_type=\"button.default\">\n\t\t\t\t<div class=\"elementor-widget-container\">\n\t\t\t\t\t\t\t\t\t<div class=\"elementor-button-wrapper\">\n\t\t\t\t\t<a class=\"elementor-button elementor-button-link elementor-size-sm\" href=\"https:\/\/aristatranslations.com\/es\/quote\/\">\n\t\t\t\t\t\t<span class=\"elementor-button-content-wrapper\">\n\t\t\t\t\t\t\t\t\t<span class=\"elementor-button-text\">Cont\u00e1ctenos<\/span>\n\t\t\t\t\t<\/span>\n\t\t\t\t\t<\/a>\n\t\t\t\t<\/div>\n\t\t\t\t\t\t\t\t<\/div>\n\t\t\t\t<\/div>\n\t\t\t\t<\/div>\n\t\t<div class=\"elementor-element elementor-element-7fc2fdd e-con-full e-flex e-con e-child\" data-id=\"7fc2fdd\" data-element_type=\"container\">\n\t\t\t\t<div class=\"elementor-element elementor-element-a735878 elementor-mobile-align-justify elementor-widget-mobile__width-initial elementor-align-justify elementor-invisible elementor-widget elementor-widget-button\" data-id=\"a735878\" data-element_type=\"widget\" data-settings=\"{&quot;_animation&quot;:&quot;fadeInRight&quot;}\" data-widget_type=\"button.default\">\n\t\t\t\t<div class=\"elementor-widget-container\">\n\t\t\t\t\t\t\t\t\t<div class=\"elementor-button-wrapper\">\n\t\t\t\t\t<a class=\"elementor-button elementor-button-link elementor-size-sm\" href=\"https:\/\/aristatranslations.com\/es\/services\/\">\n\t\t\t\t\t\t<span class=\"elementor-button-content-wrapper\">\n\t\t\t\t\t\t\t\t\t<span class=\"elementor-button-text\">Volver a Servicios<\/span>\n\t\t\t\t\t<\/span>\n\t\t\t\t\t<\/a>\n\t\t\t\t<\/div>\n\t\t\t\t\t\t\t\t<\/div>\n\t\t\t\t<\/div>\n\t\t\t\t<\/div>\n\t\t\t\t<\/div>\n\t\t\t\t<\/div>\n\t\t\t\t<\/div>\n\t\t\t\t<\/div>\n\t\t\t\t<\/div>","protected":false},"excerpt":{"rendered":"<p>Hiring &amp; HR Document Review Clear, compliant documentation for global recruitment This service ensures that candidate-facing and internal HR materials are clear, professional, and aligned with legal, and market expectations. It supports international searches and cross-border onboarding by standardizing language, structure, and terminology so content is easy to understand and fit for purpose across regions [&hellip;]<\/p>","protected":false},"author":1,"featured_media":0,"parent":0,"menu_order":0,"comment_status":"closed","ping_status":"closed","template":"elementor_header_footer","meta":{"footnotes":""},"class_list":["post-1099","page","type-page","status-publish","hentry"],"yoast_head":"<!-- This site is optimized with the Yoast SEO plugin v26.7 - https:\/\/yoast.com\/wordpress\/plugins\/seo\/ -->\n<title>Hiring &amp; HR Document Review - Arista<\/title>\n<meta name=\"description\" content=\"Clear, compliant HR document review for global recruitment, standardizing language and structure for international hiring and onboarding.\" \/>\n<meta name=\"robots\" content=\"index, follow, max-snippet:-1, max-image-preview:large, max-video-preview:-1\" \/>\n<link rel=\"canonical\" href=\"https:\/\/aristatranslations.com\/es\/hiring-hr-document-review\/\" \/>\n<meta property=\"og:locale\" content=\"es_ES\" \/>\n<meta property=\"og:type\" content=\"article\" \/>\n<meta property=\"og:title\" content=\"Hiring &amp; HR Document Review\" \/>\n<meta property=\"og:description\" content=\"Clear, compliant HR document review for global recruitment, standardizing language and structure for international hiring and onboarding.\" \/>\n<meta property=\"og:url\" content=\"https:\/\/aristatranslations.com\/es\/hiring-hr-document-review\/\" \/>\n<meta property=\"og:site_name\" content=\"Arista\" \/>\n<meta property=\"article:modified_time\" content=\"2025-09-15T21:31:34+00:00\" \/>\n<meta property=\"og:image\" content=\"http:\/\/aristatranslations.com\/wp-content\/uploads\/2025\/08\/cropped-LogoArista-1.webp\" \/>\n\t<meta property=\"og:image:width\" content=\"2116\" \/>\n\t<meta property=\"og:image:height\" content=\"2135\" \/>\n\t<meta property=\"og:image:type\" content=\"image\/webp\" \/>\n<meta name=\"twitter:card\" content=\"summary_large_image\" \/>\n<meta name=\"twitter:label1\" content=\"Tiempo de lectura\" \/>\n\t<meta name=\"twitter:data1\" content=\"2 minutos\" \/>\n<script type=\"application\/ld+json\" class=\"yoast-schema-graph\">{\"@context\":\"https:\/\/schema.org\",\"@graph\":[{\"@type\":\"WebPage\",\"@id\":\"https:\/\/aristatranslations.com\/hiring-hr-document-review\/\",\"url\":\"https:\/\/aristatranslations.com\/hiring-hr-document-review\/\",\"name\":\"Hiring & HR Document Review - Arista\",\"isPartOf\":{\"@id\":\"https:\/\/aristatranslations.com\/#website\"},\"primaryImageOfPage\":{\"@id\":\"https:\/\/aristatranslations.com\/hiring-hr-document-review\/#primaryimage\"},\"image\":{\"@id\":\"https:\/\/aristatranslations.com\/hiring-hr-document-review\/#primaryimage\"},\"thumbnailUrl\":\"http:\/\/aristatranslations.com\/wp-content\/uploads\/2025\/09\/Hiring-1024x683.webp\",\"datePublished\":\"2025-09-05T00:20:52+00:00\",\"dateModified\":\"2025-09-15T21:31:34+00:00\",\"description\":\"Clear, compliant HR document review for global recruitment, standardizing language and structure for international hiring and onboarding.\",\"breadcrumb\":{\"@id\":\"https:\/\/aristatranslations.com\/hiring-hr-document-review\/#breadcrumb\"},\"inLanguage\":\"es\",\"potentialAction\":[{\"@type\":\"ReadAction\",\"target\":[\"https:\/\/aristatranslations.com\/hiring-hr-document-review\/\"]}]},{\"@type\":\"ImageObject\",\"inLanguage\":\"es\",\"@id\":\"https:\/\/aristatranslations.com\/hiring-hr-document-review\/#primaryimage\",\"url\":\"http:\/\/aristatranslations.com\/wp-content\/uploads\/2025\/09\/Hiring-1024x683.webp\",\"contentUrl\":\"http:\/\/aristatranslations.com\/wp-content\/uploads\/2025\/09\/Hiring-1024x683.webp\"},{\"@type\":\"BreadcrumbList\",\"@id\":\"https:\/\/aristatranslations.com\/hiring-hr-document-review\/#breadcrumb\",\"itemListElement\":[{\"@type\":\"ListItem\",\"position\":1,\"name\":\"Inicio\",\"item\":\"https:\/\/aristatranslations.com\/\"},{\"@type\":\"ListItem\",\"position\":2,\"name\":\"Hiring &#038; HR Document Review\"}]},{\"@type\":\"WebSite\",\"@id\":\"https:\/\/aristatranslations.com\/#website\",\"url\":\"https:\/\/aristatranslations.com\/\",\"name\":\"Arista\",\"description\":\"Translations &amp; Language Solutions\",\"publisher\":{\"@id\":\"https:\/\/aristatranslations.com\/#organization\"},\"potentialAction\":[{\"@type\":\"SearchAction\",\"target\":{\"@type\":\"EntryPoint\",\"urlTemplate\":\"https:\/\/aristatranslations.com\/?s={search_term_string}\"},\"query-input\":{\"@type\":\"PropertyValueSpecification\",\"valueRequired\":true,\"valueName\":\"search_term_string\"}}],\"inLanguage\":\"es\"},{\"@type\":\"Organization\",\"@id\":\"https:\/\/aristatranslations.com\/#organization\",\"name\":\"Arista Translations & Language Solutions\",\"url\":\"https:\/\/aristatranslations.com\/\",\"logo\":{\"@type\":\"ImageObject\",\"inLanguage\":\"es\",\"@id\":\"https:\/\/aristatranslations.com\/#\/schema\/logo\/image\/\",\"url\":\"https:\/\/aristatranslations.com\/wp-content\/uploads\/2025\/08\/cropped-LogoArista-1.webp\",\"contentUrl\":\"https:\/\/aristatranslations.com\/wp-content\/uploads\/2025\/08\/cropped-LogoArista-1.webp\",\"width\":2116,\"height\":2135,\"caption\":\"Arista Translations & Language Solutions\"},\"image\":{\"@id\":\"https:\/\/aristatranslations.com\/#\/schema\/logo\/image\/\"},\"sameAs\":[\"https:\/\/www.instagram.com\/aristatranslations\/\",\"https:\/\/www.linkedin.com\/company\/arista-translations-language-solutions\/\"]}]}<\/script>\n<!-- \/ Yoast SEO plugin. -->","yoast_head_json":{"title":"Hiring & HR Document Review - Arista","description":"Clear, compliant HR document review for global recruitment, standardizing language and structure for international hiring and onboarding.","robots":{"index":"index","follow":"follow","max-snippet":"max-snippet:-1","max-image-preview":"max-image-preview:large","max-video-preview":"max-video-preview:-1"},"canonical":"https:\/\/aristatranslations.com\/es\/hiring-hr-document-review\/","og_locale":"es_ES","og_type":"article","og_title":"Hiring & HR Document Review","og_description":"Clear, compliant HR document review for global recruitment, standardizing language and structure for international hiring and onboarding.","og_url":"https:\/\/aristatranslations.com\/es\/hiring-hr-document-review\/","og_site_name":"Arista","article_modified_time":"2025-09-15T21:31:34+00:00","og_image":[{"width":2116,"height":2135,"url":"http:\/\/aristatranslations.com\/wp-content\/uploads\/2025\/08\/cropped-LogoArista-1.webp","type":"image\/webp"}],"twitter_card":"summary_large_image","twitter_misc":{"Tiempo de lectura":"2 minutos"},"schema":{"@context":"https:\/\/schema.org","@graph":[{"@type":"WebPage","@id":"https:\/\/aristatranslations.com\/hiring-hr-document-review\/","url":"https:\/\/aristatranslations.com\/hiring-hr-document-review\/","name":"Hiring & HR Document Review - Arista","isPartOf":{"@id":"https:\/\/aristatranslations.com\/#website"},"primaryImageOfPage":{"@id":"https:\/\/aristatranslations.com\/hiring-hr-document-review\/#primaryimage"},"image":{"@id":"https:\/\/aristatranslations.com\/hiring-hr-document-review\/#primaryimage"},"thumbnailUrl":"http:\/\/aristatranslations.com\/wp-content\/uploads\/2025\/09\/Hiring-1024x683.webp","datePublished":"2025-09-05T00:20:52+00:00","dateModified":"2025-09-15T21:31:34+00:00","description":"Clear, compliant HR document review for global recruitment, standardizing language and structure for international hiring and onboarding.","breadcrumb":{"@id":"https:\/\/aristatranslations.com\/hiring-hr-document-review\/#breadcrumb"},"inLanguage":"es","potentialAction":[{"@type":"ReadAction","target":["https:\/\/aristatranslations.com\/hiring-hr-document-review\/"]}]},{"@type":"ImageObject","inLanguage":"es","@id":"https:\/\/aristatranslations.com\/hiring-hr-document-review\/#primaryimage","url":"http:\/\/aristatranslations.com\/wp-content\/uploads\/2025\/09\/Hiring-1024x683.webp","contentUrl":"http:\/\/aristatranslations.com\/wp-content\/uploads\/2025\/09\/Hiring-1024x683.webp"},{"@type":"BreadcrumbList","@id":"https:\/\/aristatranslations.com\/hiring-hr-document-review\/#breadcrumb","itemListElement":[{"@type":"ListItem","position":1,"name":"Inicio","item":"https:\/\/aristatranslations.com\/"},{"@type":"ListItem","position":2,"name":"Hiring &#038; HR Document Review"}]},{"@type":"WebSite","@id":"https:\/\/aristatranslations.com\/#website","url":"https:\/\/aristatranslations.com\/","name":"Arista?","description":"Translations &amp; Language Solutions","publisher":{"@id":"https:\/\/aristatranslations.com\/#organization"},"potentialAction":[{"@type":"SearchAction","target":{"@type":"EntryPoint","urlTemplate":"https:\/\/aristatranslations.com\/?s={search_term_string}"},"query-input":{"@type":"PropertyValueSpecification","valueRequired":true,"valueName":"search_term_string"}}],"inLanguage":"es"},{"@type":"Organization","@id":"https:\/\/aristatranslations.com\/#organization","name":"Arista Translations & Language Solutions","url":"https:\/\/aristatranslations.com\/","logo":{"@type":"ImageObject","inLanguage":"es","@id":"https:\/\/aristatranslations.com\/#\/schema\/logo\/image\/","url":"https:\/\/aristatranslations.com\/wp-content\/uploads\/2025\/08\/cropped-LogoArista-1.webp","contentUrl":"https:\/\/aristatranslations.com\/wp-content\/uploads\/2025\/08\/cropped-LogoArista-1.webp","width":2116,"height":2135,"caption":"Arista Translations & Language Solutions"},"image":{"@id":"https:\/\/aristatranslations.com\/#\/schema\/logo\/image\/"},"sameAs":["https:\/\/www.instagram.com\/aristatranslations\/","https:\/\/www.linkedin.com\/company\/arista-translations-language-solutions\/"]}]}},"_links":{"self":[{"href":"https:\/\/aristatranslations.com\/es\/wp-json\/wp\/v2\/pages\/1099","targetHints":{"allow":["GET"]}}],"collection":[{"href":"https:\/\/aristatranslations.com\/es\/wp-json\/wp\/v2\/pages"}],"about":[{"href":"https:\/\/aristatranslations.com\/es\/wp-json\/wp\/v2\/types\/page"}],"author":[{"embeddable":true,"href":"https:\/\/aristatranslations.com\/es\/wp-json\/wp\/v2\/users\/1"}],"replies":[{"embeddable":true,"href":"https:\/\/aristatranslations.com\/es\/wp-json\/wp\/v2\/comments?post=1099"}],"version-history":[{"count":19,"href":"https:\/\/aristatranslations.com\/es\/wp-json\/wp\/v2\/pages\/1099\/revisions"}],"predecessor-version":[{"id":1807,"href":"https:\/\/aristatranslations.com\/es\/wp-json\/wp\/v2\/pages\/1099\/revisions\/1807"}],"wp:attachment":[{"href":"https:\/\/aristatranslations.com\/es\/wp-json\/wp\/v2\/media?parent=1099"}],"curies":[{"name":"wp","href":"https:\/\/api.w.org\/{rel}","templated":true}]}}