{"id":1068,"date":"2025-09-04T17:32:09","date_gmt":"2025-09-04T20:32:09","guid":{"rendered":"https:\/\/aristatranslations.com\/?page_id=1068"},"modified":"2025-09-08T11:53:22","modified_gmt":"2025-09-08T14:53:22","slug":"tourism-translation","status":"publish","type":"page","link":"https:\/\/aristatranslations.com\/es\/tourism-translation\/","title":{"rendered":"Traducci\u00f3n para el Sector Tur\u00edstico"},"content":{"rendered":"<div data-elementor-type=\"wp-page\" data-elementor-id=\"1068\" class=\"elementor elementor-1068\" data-elementor-post-type=\"page\">\n\t\t\t\t<div class=\"elementor-element elementor-element-62afa60 e-con-full e-flex e-con e-parent\" data-id=\"62afa60\" data-element_type=\"container\" data-settings=\"{&quot;background_background&quot;:&quot;classic&quot;}\">\n\t\t<div class=\"elementor-element elementor-element-60fb349 e-con-full e-flex e-con e-child\" data-id=\"60fb349\" data-element_type=\"container\">\n\t\t<div class=\"elementor-element elementor-element-babd52a e-con-full e-flex e-con e-child\" data-id=\"babd52a\" data-element_type=\"container\" data-settings=\"{&quot;background_background&quot;:&quot;classic&quot;}\">\n\t\t\t\t<div class=\"elementor-element elementor-element-1a2a3f4 elementor-widget elementor-widget-image\" data-id=\"1a2a3f4\" data-element_type=\"widget\" data-settings=\"{&quot;sticky&quot;:&quot;top&quot;,&quot;sticky_on&quot;:[&quot;desktop&quot;],&quot;sticky_offset_tablet&quot;:450,&quot;sticky_parent&quot;:&quot;yes&quot;,&quot;sticky_offset&quot;:0,&quot;sticky_effects_offset&quot;:0,&quot;sticky_anchor_link_offset&quot;:0}\" data-widget_type=\"image.default\">\n\t\t\t\t<div class=\"elementor-widget-container\">\n\t\t\t\t\t\t\t\t\t\t\t\t\t\t\t<img fetchpriority=\"high\" decoding=\"async\" width=\"800\" height=\"534\" src=\"https:\/\/aristatranslations.com\/wp-content\/uploads\/2025\/09\/tourism-1024x683.webp\" class=\"attachment-large size-large wp-image-1015\" alt=\"Tourism Translation\" srcset=\"https:\/\/aristatranslations.com\/wp-content\/uploads\/2025\/09\/tourism-1024x683.webp 1024w, https:\/\/aristatranslations.com\/wp-content\/uploads\/2025\/09\/tourism-300x200.webp 300w, https:\/\/aristatranslations.com\/wp-content\/uploads\/2025\/09\/tourism-768x512.webp 768w, https:\/\/aristatranslations.com\/wp-content\/uploads\/2025\/09\/tourism-1536x1024.webp 1536w, https:\/\/aristatranslations.com\/wp-content\/uploads\/2025\/09\/tourism-2048x1365.webp 2048w\" sizes=\"(max-width: 800px) 100vw, 800px\" \/>\t\t\t\t\t\t\t\t\t\t\t\t\t\t\t<\/div>\n\t\t\t\t<\/div>\n\t\t\t\t<\/div>\n\t\t<div class=\"elementor-element elementor-element-939efc9 e-con-full e-flex e-con e-child\" data-id=\"939efc9\" data-element_type=\"container\">\n\t\t\t\t<div class=\"elementor-element elementor-element-82bf28e elementor-widget elementor-widget-heading\" data-id=\"82bf28e\" data-element_type=\"widget\" data-widget_type=\"heading.default\">\n\t\t\t\t<div class=\"elementor-widget-container\">\n\t\t\t\t\t<h1 class=\"elementor-heading-title elementor-size-default\">Traducci\u00f3n para el Sector Tur\u00edstico<\/h1>\t\t\t\t<\/div>\n\t\t\t\t<\/div>\n\t\t\t\t<div class=\"elementor-element elementor-element-9f0c90e elementor-widget elementor-widget-heading\" data-id=\"9f0c90e\" data-element_type=\"widget\" data-widget_type=\"heading.default\">\n\t\t\t\t<div class=\"elementor-widget-container\">\n\t\t\t\t\t<p class=\"elementor-heading-title elementor-size-default\">Cada palabra es una invitaci\u00f3n a viajar<\/p>\t\t\t\t<\/div>\n\t\t\t\t<\/div>\n\t\t\t\t<div class=\"elementor-element elementor-element-bd649bc elementor-widget elementor-widget-heading\" data-id=\"bd649bc\" data-element_type=\"widget\" data-widget_type=\"heading.default\">\n\t\t\t\t<div class=\"elementor-widget-container\">\n\t\t\t\t\t<p class=\"elementor-heading-title elementor-size-default\">La <strong>traducci\u00f3n tur\u00edstica<\/strong> va m\u00e1s all\u00e1 de convertir palabras de un idioma a otro: requiere <strong>creatividad, sensibilidad cultural y visi\u00f3n de marketing<\/strong>. Muy vinculada a la traducci\u00f3n publicitaria y de marketing, esta especialidad exige conocimientos espec\u00edficos para captar la atenci\u00f3n de los viajeros internacionales y transmitir experiencias de manera convincente.<\/p>\t\t\t\t<\/div>\n\t\t\t\t<\/div>\n\t\t\t\t<div class=\"elementor-element elementor-element-26cf580 elementor-widget elementor-widget-heading\" data-id=\"26cf580\" data-element_type=\"widget\" data-widget_type=\"heading.default\">\n\t\t\t\t<div class=\"elementor-widget-container\">\n\t\t\t\t\t<p class=\"elementor-heading-title elementor-size-default\">En <strong>Arista<\/strong>, ofrecemos <strong>servicios profesionales de traducci\u00f3n tur\u00edstica<\/strong> adaptados a las necesidades \u00fanicas de la industria del turismo y la hospitalidad. Desde <strong>folletos, gu\u00edas de viaje y sitios web<\/strong>, hasta <strong>campa\u00f1as publicitarias y plataformas de reservas<\/strong>, nuestros traductores adaptan su contenido con el <strong>tono, estilo y vocabulario adecuados<\/strong> para involucrar al p\u00fablico objetivo.<\/p>\t\t\t\t<\/div>\n\t\t\t\t<\/div>\n\t\t\t\t<div class=\"elementor-element elementor-element-7a3122e elementor-widget elementor-widget-heading\" data-id=\"7a3122e\" data-element_type=\"widget\" data-widget_type=\"heading.default\">\n\t\t\t\t<div class=\"elementor-widget-container\">\n\t\t\t\t\t<p class=\"elementor-heading-title elementor-size-default\">Cada tipo de documento en el sector tur\u00edstico requiere un traductor profesional con <strong>conocimiento profundo de la terminolog\u00eda apropiada<\/strong>: desde lenguaje de marketing para inspirar a los viajeros, hasta t\u00e9rminos t\u00e9cnicos para operaciones hoteleras. Nuestro equipo combina <strong>precisi\u00f3n ling\u00fc\u00edstica con conciencia cultural<\/strong>, asegurando que su mensaje sea <strong>exacto y persuasivo en todos los mercados<\/strong>.<\/p>\t\t\t\t<\/div>\n\t\t\t\t<\/div>\n\t\t\t\t<div class=\"elementor-element elementor-element-a498b41 elementor-widget elementor-widget-heading\" data-id=\"a498b41\" data-element_type=\"widget\" data-widget_type=\"heading.default\">\n\t\t\t\t<div class=\"elementor-widget-container\">\n\t\t\t\t\t<p class=\"elementor-heading-title elementor-size-default\">Este servicio incluye:<\/p>\t\t\t\t<\/div>\n\t\t\t\t<\/div>\n\t\t<div class=\"elementor-element elementor-element-2346216 e-con-full e-flex elementor-invisible e-con e-child\" data-id=\"2346216\" data-element_type=\"container\" data-settings=\"{&quot;animation&quot;:&quot;fadeInUp&quot;}\">\n\t\t\t\t<div class=\"elementor-element elementor-element-06f7296 elementor-widget elementor-widget-image\" data-id=\"06f7296\" data-element_type=\"widget\" data-widget_type=\"image.default\">\n\t\t\t\t<div class=\"elementor-widget-container\">\n\t\t\t\t\t\t\t\t\t\t\t\t\t\t\t<img decoding=\"async\" width=\"800\" height=\"836\" src=\"https:\/\/aristatranslations.com\/wp-content\/uploads\/2025\/09\/bulletServices-980x1024.webp\" class=\"attachment-large size-large wp-image-997\" alt=\"\u00cdcono de Arista Translations and Language Solutions en color verde con detalle en ocre sobre c\u00edrculo blanco para ser usado como bullet\" srcset=\"https:\/\/aristatranslations.com\/wp-content\/uploads\/2025\/09\/bulletServices-980x1024.webp 980w, https:\/\/aristatranslations.com\/wp-content\/uploads\/2025\/09\/bulletServices-287x300.webp 287w, https:\/\/aristatranslations.com\/wp-content\/uploads\/2025\/09\/bulletServices-768x802.webp 768w, https:\/\/aristatranslations.com\/wp-content\/uploads\/2025\/09\/bulletServices-1470x1536.webp 1470w, https:\/\/aristatranslations.com\/wp-content\/uploads\/2025\/09\/bulletServices-1960x2048.webp 1960w\" sizes=\"(max-width: 800px) 100vw, 800px\" \/>\t\t\t\t\t\t\t\t\t\t\t\t\t\t\t<\/div>\n\t\t\t\t<\/div>\n\t\t\t\t<div class=\"elementor-element elementor-element-de6631f elementor-widget-mobile__width-initial elementor-widget__width-initial elementor-widget elementor-widget-heading\" data-id=\"de6631f\" data-element_type=\"widget\" data-widget_type=\"heading.default\">\n\t\t\t\t<div class=\"elementor-widget-container\">\n\t\t\t\t\t<h6 class=\"elementor-heading-title elementor-size-default\">Servicios de traducci\u00f3n y localizaci\u00f3n para sitios web tur\u00edsticos, adaptando folletos, gu\u00edas de viaje, material promocional, campa\u00f1as publicitarias y contenido de reservas. Cada proyecto se ajusta en tono, estilo y terminolog\u00eda seg\u00fan el mercado, con un enfoque en la experiencia del usuario, la activaci\u00f3n de marca y la conversi\u00f3n. <\/h6>\t\t\t\t<\/div>\n\t\t\t\t<\/div>\n\t\t\t\t<\/div>\n\t\t\t\t<div class=\"elementor-element elementor-element-c2417b6 elementor-widget elementor-widget-heading\" data-id=\"c2417b6\" data-element_type=\"widget\" data-widget_type=\"heading.default\">\n\t\t\t\t<div class=\"elementor-widget-container\">\n\t\t\t\t\t<p class=\"elementor-heading-title elementor-size-default\">De este modo, su mensaje se transmite a audiencias internacionales con claridad, atractivo y coherencia cultural, lo que permite a su marca conectar con viajeros en todo el mundo.<\/p>\t\t\t\t<\/div>\n\t\t\t\t<\/div>\n\t\t<div class=\"elementor-element elementor-element-4b16aca e-con-full e-flex e-con e-child\" data-id=\"4b16aca\" data-element_type=\"container\">\n\t\t<div class=\"elementor-element elementor-element-5a463da e-con-full e-flex e-con e-child\" data-id=\"5a463da\" data-element_type=\"container\">\n\t\t\t\t<div class=\"elementor-element elementor-element-4f3f489 elementor-mobile-align-justify elementor-widget-mobile__width-initial elementor-align-justify elementor-invisible elementor-widget elementor-widget-button\" data-id=\"4f3f489\" data-element_type=\"widget\" data-settings=\"{&quot;_animation&quot;:&quot;fadeInLeft&quot;}\" data-widget_type=\"button.default\">\n\t\t\t\t<div class=\"elementor-widget-container\">\n\t\t\t\t\t\t\t\t\t<div class=\"elementor-button-wrapper\">\n\t\t\t\t\t<a class=\"elementor-button elementor-button-link elementor-size-sm\" href=\"https:\/\/aristatranslations.com\/es\/quote\/\">\n\t\t\t\t\t\t<span class=\"elementor-button-content-wrapper\">\n\t\t\t\t\t\t\t\t\t<span class=\"elementor-button-text\">Cont\u00e1ctenos<\/span>\n\t\t\t\t\t<\/span>\n\t\t\t\t\t<\/a>\n\t\t\t\t<\/div>\n\t\t\t\t\t\t\t\t<\/div>\n\t\t\t\t<\/div>\n\t\t\t\t<\/div>\n\t\t<div class=\"elementor-element elementor-element-7fc2fdd e-con-full e-flex e-con e-child\" data-id=\"7fc2fdd\" data-element_type=\"container\">\n\t\t\t\t<div class=\"elementor-element elementor-element-a735878 elementor-mobile-align-justify elementor-widget-mobile__width-initial elementor-align-justify elementor-invisible elementor-widget elementor-widget-button\" data-id=\"a735878\" data-element_type=\"widget\" data-settings=\"{&quot;_animation&quot;:&quot;fadeInRight&quot;}\" data-widget_type=\"button.default\">\n\t\t\t\t<div class=\"elementor-widget-container\">\n\t\t\t\t\t\t\t\t\t<div class=\"elementor-button-wrapper\">\n\t\t\t\t\t<a class=\"elementor-button elementor-button-link elementor-size-sm\" href=\"https:\/\/aristatranslations.com\/es\/translations\/\">\n\t\t\t\t\t\t<span class=\"elementor-button-content-wrapper\">\n\t\t\t\t\t\t\t\t\t<span class=\"elementor-button-text\">Volver a Servicios<\/span>\n\t\t\t\t\t<\/span>\n\t\t\t\t\t<\/a>\n\t\t\t\t<\/div>\n\t\t\t\t\t\t\t\t<\/div>\n\t\t\t\t<\/div>\n\t\t\t\t<\/div>\n\t\t\t\t<\/div>\n\t\t\t\t<\/div>\n\t\t\t\t<\/div>\n\t\t\t\t<\/div>\n\t\t\t\t<\/div>","protected":false},"excerpt":{"rendered":"<p>Tourism Translation Every word is an invitation to travel Tourism translation requires more than just converting words from one language to another\u2014it demands creativity, cultural sensitivity, and marketing insight. Closely related to advertising and marketing translation, this field calls for specialized expertise to capture the attention of international travelers and convey experiences in a compelling [&hellip;]<\/p>","protected":false},"author":1,"featured_media":0,"parent":0,"menu_order":0,"comment_status":"closed","ping_status":"closed","template":"elementor_header_footer","meta":{"footnotes":""},"class_list":["post-1068","page","type-page","status-publish","hentry"],"yoast_head":"<!-- This site is optimized with the Yoast SEO plugin v26.7 - https:\/\/yoast.com\/wordpress\/plugins\/seo\/ -->\n<title>Tourism Translation - Arista<\/title>\n<meta name=\"description\" content=\"Creative and culturally sensitive tourism translation that inspires international travelers and conveys experiences effectively.\" \/>\n<meta name=\"robots\" content=\"index, follow, max-snippet:-1, max-image-preview:large, max-video-preview:-1\" \/>\n<link rel=\"canonical\" href=\"https:\/\/aristatranslations.com\/es\/tourism-translation\/\" \/>\n<meta property=\"og:locale\" content=\"es_ES\" \/>\n<meta property=\"og:type\" content=\"article\" \/>\n<meta property=\"og:title\" content=\"Tourism Translation\" \/>\n<meta property=\"og:description\" content=\"Creative and culturally sensitive tourism translation that inspires international travelers and conveys experiences effectively.\" \/>\n<meta property=\"og:url\" content=\"https:\/\/aristatranslations.com\/es\/tourism-translation\/\" \/>\n<meta property=\"og:site_name\" content=\"Arista\" \/>\n<meta property=\"article:modified_time\" content=\"2025-09-08T14:53:22+00:00\" \/>\n<meta property=\"og:image\" content=\"http:\/\/aristatranslations.com\/wp-content\/uploads\/2025\/08\/LogoArista-1.webp\" \/>\n\t<meta property=\"og:image:width\" content=\"2117\" \/>\n\t<meta property=\"og:image:height\" content=\"2135\" \/>\n\t<meta property=\"og:image:type\" content=\"image\/webp\" \/>\n<meta name=\"twitter:card\" content=\"summary_large_image\" \/>\n<meta name=\"twitter:label1\" content=\"Tiempo de lectura\" \/>\n\t<meta name=\"twitter:data1\" content=\"2 minutos\" \/>\n<script type=\"application\/ld+json\" class=\"yoast-schema-graph\">{\"@context\":\"https:\/\/schema.org\",\"@graph\":[{\"@type\":\"WebPage\",\"@id\":\"https:\/\/aristatranslations.com\/tourism-translation\/\",\"url\":\"https:\/\/aristatranslations.com\/tourism-translation\/\",\"name\":\"Tourism Translation - Arista\",\"isPartOf\":{\"@id\":\"https:\/\/aristatranslations.com\/#website\"},\"primaryImageOfPage\":{\"@id\":\"https:\/\/aristatranslations.com\/tourism-translation\/#primaryimage\"},\"image\":{\"@id\":\"https:\/\/aristatranslations.com\/tourism-translation\/#primaryimage\"},\"thumbnailUrl\":\"http:\/\/aristatranslations.com\/wp-content\/uploads\/2025\/09\/tourism-1024x683.webp\",\"datePublished\":\"2025-09-04T20:32:09+00:00\",\"dateModified\":\"2025-09-08T14:53:22+00:00\",\"description\":\"Creative and culturally sensitive tourism translation that inspires international travelers and conveys experiences effectively.\",\"breadcrumb\":{\"@id\":\"https:\/\/aristatranslations.com\/tourism-translation\/#breadcrumb\"},\"inLanguage\":\"es\",\"potentialAction\":[{\"@type\":\"ReadAction\",\"target\":[\"https:\/\/aristatranslations.com\/tourism-translation\/\"]}]},{\"@type\":\"ImageObject\",\"inLanguage\":\"es\",\"@id\":\"https:\/\/aristatranslations.com\/tourism-translation\/#primaryimage\",\"url\":\"http:\/\/aristatranslations.com\/wp-content\/uploads\/2025\/09\/tourism-1024x683.webp\",\"contentUrl\":\"http:\/\/aristatranslations.com\/wp-content\/uploads\/2025\/09\/tourism-1024x683.webp\"},{\"@type\":\"BreadcrumbList\",\"@id\":\"https:\/\/aristatranslations.com\/tourism-translation\/#breadcrumb\",\"itemListElement\":[{\"@type\":\"ListItem\",\"position\":1,\"name\":\"Inicio\",\"item\":\"https:\/\/aristatranslations.com\/\"},{\"@type\":\"ListItem\",\"position\":2,\"name\":\"Tourism Translation\"}]},{\"@type\":\"WebSite\",\"@id\":\"https:\/\/aristatranslations.com\/#website\",\"url\":\"https:\/\/aristatranslations.com\/\",\"name\":\"Arista\",\"description\":\"Translations &amp; Language Solutions\",\"publisher\":{\"@id\":\"https:\/\/aristatranslations.com\/#organization\"},\"potentialAction\":[{\"@type\":\"SearchAction\",\"target\":{\"@type\":\"EntryPoint\",\"urlTemplate\":\"https:\/\/aristatranslations.com\/?s={search_term_string}\"},\"query-input\":{\"@type\":\"PropertyValueSpecification\",\"valueRequired\":true,\"valueName\":\"search_term_string\"}}],\"inLanguage\":\"es\"},{\"@type\":\"Organization\",\"@id\":\"https:\/\/aristatranslations.com\/#organization\",\"name\":\"Arista Translations & Language Solutions\",\"url\":\"https:\/\/aristatranslations.com\/\",\"logo\":{\"@type\":\"ImageObject\",\"inLanguage\":\"es\",\"@id\":\"https:\/\/aristatranslations.com\/#\/schema\/logo\/image\/\",\"url\":\"https:\/\/aristatranslations.com\/wp-content\/uploads\/2025\/08\/cropped-LogoArista-1.webp\",\"contentUrl\":\"https:\/\/aristatranslations.com\/wp-content\/uploads\/2025\/08\/cropped-LogoArista-1.webp\",\"width\":2116,\"height\":2135,\"caption\":\"Arista Translations & Language Solutions\"},\"image\":{\"@id\":\"https:\/\/aristatranslations.com\/#\/schema\/logo\/image\/\"},\"sameAs\":[\"https:\/\/www.instagram.com\/aristatranslations\/\",\"https:\/\/www.linkedin.com\/company\/arista-translations-language-solutions\/\"]}]}<\/script>\n<!-- \/ Yoast SEO plugin. -->","yoast_head_json":{"title":"Tourism Translation - Arista","description":"Creative and culturally sensitive tourism translation that inspires international travelers and conveys experiences effectively.","robots":{"index":"index","follow":"follow","max-snippet":"max-snippet:-1","max-image-preview":"max-image-preview:large","max-video-preview":"max-video-preview:-1"},"canonical":"https:\/\/aristatranslations.com\/es\/tourism-translation\/","og_locale":"es_ES","og_type":"article","og_title":"Tourism Translation","og_description":"Creative and culturally sensitive tourism translation that inspires international travelers and conveys experiences effectively.","og_url":"https:\/\/aristatranslations.com\/es\/tourism-translation\/","og_site_name":"Arista","article_modified_time":"2025-09-08T14:53:22+00:00","og_image":[{"width":2117,"height":2135,"url":"http:\/\/aristatranslations.com\/wp-content\/uploads\/2025\/08\/LogoArista-1.webp","type":"image\/webp"}],"twitter_card":"summary_large_image","twitter_misc":{"Tiempo de lectura":"2 minutos"},"schema":{"@context":"https:\/\/schema.org","@graph":[{"@type":"WebPage","@id":"https:\/\/aristatranslations.com\/tourism-translation\/","url":"https:\/\/aristatranslations.com\/tourism-translation\/","name":"Tourism Translation - Arista","isPartOf":{"@id":"https:\/\/aristatranslations.com\/#website"},"primaryImageOfPage":{"@id":"https:\/\/aristatranslations.com\/tourism-translation\/#primaryimage"},"image":{"@id":"https:\/\/aristatranslations.com\/tourism-translation\/#primaryimage"},"thumbnailUrl":"http:\/\/aristatranslations.com\/wp-content\/uploads\/2025\/09\/tourism-1024x683.webp","datePublished":"2025-09-04T20:32:09+00:00","dateModified":"2025-09-08T14:53:22+00:00","description":"Creative and culturally sensitive tourism translation that inspires international travelers and conveys experiences effectively.","breadcrumb":{"@id":"https:\/\/aristatranslations.com\/tourism-translation\/#breadcrumb"},"inLanguage":"es","potentialAction":[{"@type":"ReadAction","target":["https:\/\/aristatranslations.com\/tourism-translation\/"]}]},{"@type":"ImageObject","inLanguage":"es","@id":"https:\/\/aristatranslations.com\/tourism-translation\/#primaryimage","url":"http:\/\/aristatranslations.com\/wp-content\/uploads\/2025\/09\/tourism-1024x683.webp","contentUrl":"http:\/\/aristatranslations.com\/wp-content\/uploads\/2025\/09\/tourism-1024x683.webp"},{"@type":"BreadcrumbList","@id":"https:\/\/aristatranslations.com\/tourism-translation\/#breadcrumb","itemListElement":[{"@type":"ListItem","position":1,"name":"Inicio","item":"https:\/\/aristatranslations.com\/"},{"@type":"ListItem","position":2,"name":"Tourism Translation"}]},{"@type":"WebSite","@id":"https:\/\/aristatranslations.com\/#website","url":"https:\/\/aristatranslations.com\/","name":"Arista?","description":"Translations &amp; Language Solutions","publisher":{"@id":"https:\/\/aristatranslations.com\/#organization"},"potentialAction":[{"@type":"SearchAction","target":{"@type":"EntryPoint","urlTemplate":"https:\/\/aristatranslations.com\/?s={search_term_string}"},"query-input":{"@type":"PropertyValueSpecification","valueRequired":true,"valueName":"search_term_string"}}],"inLanguage":"es"},{"@type":"Organization","@id":"https:\/\/aristatranslations.com\/#organization","name":"Arista Translations & Language Solutions","url":"https:\/\/aristatranslations.com\/","logo":{"@type":"ImageObject","inLanguage":"es","@id":"https:\/\/aristatranslations.com\/#\/schema\/logo\/image\/","url":"https:\/\/aristatranslations.com\/wp-content\/uploads\/2025\/08\/cropped-LogoArista-1.webp","contentUrl":"https:\/\/aristatranslations.com\/wp-content\/uploads\/2025\/08\/cropped-LogoArista-1.webp","width":2116,"height":2135,"caption":"Arista Translations & Language Solutions"},"image":{"@id":"https:\/\/aristatranslations.com\/#\/schema\/logo\/image\/"},"sameAs":["https:\/\/www.instagram.com\/aristatranslations\/","https:\/\/www.linkedin.com\/company\/arista-translations-language-solutions\/"]}]}},"_links":{"self":[{"href":"https:\/\/aristatranslations.com\/es\/wp-json\/wp\/v2\/pages\/1068","targetHints":{"allow":["GET"]}}],"collection":[{"href":"https:\/\/aristatranslations.com\/es\/wp-json\/wp\/v2\/pages"}],"about":[{"href":"https:\/\/aristatranslations.com\/es\/wp-json\/wp\/v2\/types\/page"}],"author":[{"embeddable":true,"href":"https:\/\/aristatranslations.com\/es\/wp-json\/wp\/v2\/users\/1"}],"replies":[{"embeddable":true,"href":"https:\/\/aristatranslations.com\/es\/wp-json\/wp\/v2\/comments?post=1068"}],"version-history":[{"count":16,"href":"https:\/\/aristatranslations.com\/es\/wp-json\/wp\/v2\/pages\/1068\/revisions"}],"predecessor-version":[{"id":1606,"href":"https:\/\/aristatranslations.com\/es\/wp-json\/wp\/v2\/pages\/1068\/revisions\/1606"}],"wp:attachment":[{"href":"https:\/\/aristatranslations.com\/es\/wp-json\/wp\/v2\/media?parent=1068"}],"curies":[{"name":"wp","href":"https:\/\/api.w.org\/{rel}","templated":true}]}}